{"id":4736,"date":"2023-02-27T09:27:24","date_gmt":"2023-02-27T09:27:24","guid":{"rendered":"https:\/\/www.edilpemba.com\/?page_id=4736"},"modified":"2024-12-20T09:25:42","modified_gmt":"2024-12-20T09:25:42","slug":"construcao-de-drenagem-e-infra-estruturas-de-utilidades","status":"publish","type":"page","link":"https:\/\/www.edilpemba.com\/en\/construcao-de-drenagem-e-infra-estruturas-de-utilidades\/","title":{"rendered":"CONSTRUCTION OF DRAINAGE AND UTILITIES INFRASTRUCTURE"},"content":{"rendered":"<div data-elementor-type=\"wp-page\" data-elementor-id=\"4736\" class=\"elementor elementor-4736\">\n\t\t\t\t\t\t<section class=\"elementor-section elementor-top-section elementor-element elementor-element-efb9c38 elementor-section-height-min-height elementor-section-boxed elementor-section-height-default elementor-section-items-middle wpr-particle-no wpr-jarallax-no wpr-parallax-no wpr-sticky-section-no\" data-id=\"efb9c38\" data-element_type=\"section\" data-settings=\"{&quot;background_background&quot;:&quot;classic&quot;}\">\n\t\t\t\t\t\t\t<div class=\"elementor-background-overlay\"><\/div>\n\t\t\t\t\t\t\t<div class=\"elementor-container elementor-column-gap-default\">\n\t\t\t\t\t<div class=\"elementor-column elementor-col-100 elementor-top-column elementor-element elementor-element-259e5b2\" data-id=\"259e5b2\" data-element_type=\"column\">\n\t\t\t<div class=\"elementor-widget-wrap\">\n\t\t\t\t\t\t\t<\/div>\n\t\t<\/div>\n\t\t\t\t\t<\/div>\n\t\t<\/section>\n\t\t\t\t<section class=\"elementor-section elementor-top-section elementor-element elementor-element-0153651 elementor-section-boxed elementor-section-height-default elementor-section-height-default wpr-particle-no wpr-jarallax-no wpr-parallax-no wpr-sticky-section-no\" data-id=\"0153651\" data-element_type=\"section\">\n\t\t\t\t\t\t<div class=\"elementor-container elementor-column-gap-default\">\n\t\t\t\t\t<div class=\"elementor-column elementor-col-100 elementor-top-column elementor-element elementor-element-9f75db8\" data-id=\"9f75db8\" data-element_type=\"column\" data-settings=\"{&quot;background_background&quot;:&quot;classic&quot;}\">\n\t\t\t<div class=\"elementor-widget-wrap elementor-element-populated\">\n\t\t\t\t\t\t<section class=\"elementor-section elementor-inner-section elementor-element elementor-element-b2071fe elementor-section-boxed elementor-section-height-default elementor-section-height-default wpr-particle-no wpr-jarallax-no wpr-parallax-no wpr-sticky-section-no\" data-id=\"b2071fe\" data-element_type=\"section\">\n\t\t\t\t\t\t<div class=\"elementor-container elementor-column-gap-default\">\n\t\t\t\t\t<div class=\"elementor-column elementor-col-50 elementor-inner-column elementor-element elementor-element-14da4b7\" data-id=\"14da4b7\" data-element_type=\"column\">\n\t\t\t<div class=\"elementor-widget-wrap elementor-element-populated\">\n\t\t\t\t\t\t<div class=\"elementor-element elementor-element-85cdc47 elementor-align-left elementor-mobile-align-left elementor-widget elementor-widget-button\" data-id=\"85cdc47\" data-element_type=\"widget\" data-widget_type=\"button.default\">\n\t\t\t\t<div class=\"elementor-widget-container\">\n\t\t\t\t\t\t\t\t\t<div class=\"elementor-button-wrapper\">\n\t\t\t\t\t<a class=\"elementor-button elementor-button-link elementor-size-sm elementor-animation-grow\" href=\"https:\/\/www.edilpemba.com\/en\/work\/\">\n\t\t\t\t\t\t<span class=\"elementor-button-content-wrapper\">\n\t\t\t\t\t\t<span class=\"elementor-button-icon\">\n\t\t\t\t<i aria-hidden=\"true\" class=\"far fa-arrow-alt-circle-left\"><\/i>\t\t\t<\/span>\n\t\t\t\t\t\t\t\t\t<span class=\"elementor-button-text\">Go back<\/span>\n\t\t\t\t\t<\/span>\n\t\t\t\t\t<\/a>\n\t\t\t\t<\/div>\n\t\t\t\t\t\t\t\t<\/div>\n\t\t\t\t<\/div>\n\t\t\t\t<div class=\"elementor-element elementor-element-375928c elementor-widget elementor-widget-heading\" data-id=\"375928c\" data-element_type=\"widget\" data-widget_type=\"heading.default\">\n\t\t\t\t<div class=\"elementor-widget-container\">\n\t\t\t\t\t<h6 class=\"elementor-heading-title elementor-size-default\">OBRA conclu\u00eddA<\/h6>\t\t\t\t<\/div>\n\t\t\t\t<\/div>\n\t\t\t\t<div class=\"elementor-element elementor-element-155249d elementor-widget elementor-widget-heading\" data-id=\"155249d\" data-element_type=\"widget\" data-widget_type=\"heading.default\">\n\t\t\t\t<div class=\"elementor-widget-container\">\n\t\t\t\t\t<h1 class=\"elementor-heading-title elementor-size-default\">CONSTRUCTION OF DRAINAGE AND UTILITIES INFRASTRUCTURE<\/h1>\t\t\t\t<\/div>\n\t\t\t\t<\/div>\n\t\t\t\t\t<\/div>\n\t\t<\/div>\n\t\t\t\t<div class=\"elementor-column elementor-col-50 elementor-inner-column elementor-element elementor-element-ec963c9\" data-id=\"ec963c9\" data-element_type=\"column\">\n\t\t\t<div class=\"elementor-widget-wrap elementor-element-populated\">\n\t\t\t\t\t\t<div class=\"elementor-element elementor-element-e719269 elementor-widget elementor-widget-heading\" data-id=\"e719269\" data-element_type=\"widget\" data-widget_type=\"heading.default\">\n\t\t\t\t<div class=\"elementor-widget-container\">\n\t\t\t\t\t<h5 class=\"elementor-heading-title elementor-size-default\">Location<\/h5>\t\t\t\t<\/div>\n\t\t\t\t<\/div>\n\t\t\t\t<div class=\"elementor-element elementor-element-e406486 elementor-widget elementor-widget-text-editor\" data-id=\"e406486\" data-element_type=\"widget\" data-widget_type=\"text-editor.default\">\n\t\t\t\t<div class=\"elementor-widget-container\">\n\t\t\t\t\t\t\t\t\t<p>Pemba<\/p>\t\t\t\t\t\t\t\t<\/div>\n\t\t\t\t<\/div>\n\t\t\t\t\t<\/div>\n\t\t<\/div>\n\t\t\t\t\t<\/div>\n\t\t<\/section>\n\t\t\t\t\t<\/div>\n\t\t<\/div>\n\t\t\t\t\t<\/div>\n\t\t<\/section>\n\t\t\t\t<section class=\"elementor-section elementor-top-section elementor-element elementor-element-99638ce elementor-section-boxed elementor-section-height-default elementor-section-height-default wpr-particle-no wpr-jarallax-no wpr-parallax-no wpr-sticky-section-no\" data-id=\"99638ce\" data-element_type=\"section\">\n\t\t\t\t\t\t<div class=\"elementor-container elementor-column-gap-default\">\n\t\t\t\t\t<div class=\"elementor-column elementor-col-100 elementor-top-column elementor-element elementor-element-a73a7a4\" data-id=\"a73a7a4\" data-element_type=\"column\">\n\t\t\t<div class=\"elementor-widget-wrap elementor-element-populated\">\n\t\t\t\t\t\t<section class=\"elementor-section elementor-inner-section elementor-element elementor-element-dc5d681 elementor-section-boxed elementor-section-height-default elementor-section-height-default wpr-particle-no wpr-jarallax-no wpr-parallax-no wpr-sticky-section-no\" data-id=\"dc5d681\" data-element_type=\"section\">\n\t\t\t\t\t\t<div class=\"elementor-container elementor-column-gap-default\">\n\t\t\t\t\t<div class=\"elementor-column elementor-col-50 elementor-inner-column elementor-element elementor-element-987aad0\" data-id=\"987aad0\" data-element_type=\"column\">\n\t\t\t<div class=\"elementor-widget-wrap elementor-element-populated\">\n\t\t\t\t\t\t<div class=\"elementor-element elementor-element-867128d elementor-widget elementor-widget-heading\" data-id=\"867128d\" data-element_type=\"widget\" data-widget_type=\"heading.default\">\n\t\t\t\t<div class=\"elementor-widget-container\">\n\t\t\t\t\t<h2 class=\"elementor-heading-title elementor-size-default\">ABOUT THE PROJECT<\/h2>\t\t\t\t<\/div>\n\t\t\t\t<\/div>\n\t\t\t\t<div class=\"elementor-element elementor-element-260e947 elementor-widget elementor-widget-text-editor\" data-id=\"260e947\" data-element_type=\"widget\" data-widget_type=\"text-editor.default\">\n\t\t\t\t<div class=\"elementor-widget-container\">\n\t\t\t\t\t\t\t\t\t<div id=\"tw-target-text-container\" class=\"tw-ta-container F0azHf tw-nfl\" tabindex=\"0\"><p id=\"tw-target-text\" class=\"tw-data-text tw-text-large tw-ta\" dir=\"ltr\" data-placeholder=\"Tradu\u00e7\u00e3o\"><span class=\"Y2IQFc\" lang=\"pt\">Constru\u00e7\u00e3o de 2,5 km de estrada completa de sistema de ilumina\u00e7\u00e3o, drenagem e infra-estruturas de utilidades<\/span><\/p><\/div>\t\t\t\t\t\t\t\t<\/div>\n\t\t\t\t<\/div>\n\t\t\t\t\t<\/div>\n\t\t<\/div>\n\t\t\t\t<div class=\"elementor-column elementor-col-50 elementor-inner-column elementor-element elementor-element-9f7d590\" data-id=\"9f7d590\" data-element_type=\"column\">\n\t\t\t<div class=\"elementor-widget-wrap\">\n\t\t\t\t\t\t\t<\/div>\n\t\t<\/div>\n\t\t\t\t\t<\/div>\n\t\t<\/section>\n\t\t\t\t<section class=\"elementor-section elementor-inner-section elementor-element elementor-element-136f9f5 elementor-section-boxed elementor-section-height-default elementor-section-height-default wpr-particle-no wpr-jarallax-no wpr-parallax-no wpr-sticky-section-no\" data-id=\"136f9f5\" data-element_type=\"section\">\n\t\t\t\t\t\t<div class=\"elementor-container elementor-column-gap-default\">\n\t\t\t\t\t<div class=\"elementor-column elementor-col-100 elementor-inner-column elementor-element elementor-element-49462f4\" data-id=\"49462f4\" data-element_type=\"column\">\n\t\t\t<div class=\"elementor-widget-wrap elementor-element-populated\">\n\t\t\t\t\t\t<div class=\"elementor-element elementor-element-9a9e8ff elementor-arrows-position-inside elementor-pagination-position-outside elementor-widget elementor-widget-image-carousel\" data-id=\"9a9e8ff\" data-element_type=\"widget\" data-settings=\"{&quot;image_spacing_custom&quot;:{&quot;unit&quot;:&quot;px&quot;,&quot;size&quot;:16,&quot;sizes&quot;:[]},&quot;slides_to_show&quot;:&quot;4&quot;,&quot;slides_to_show_tablet&quot;:&quot;3&quot;,&quot;slides_to_show_mobile&quot;:&quot;2&quot;,&quot;navigation&quot;:&quot;both&quot;,&quot;autoplay&quot;:&quot;yes&quot;,&quot;pause_on_hover&quot;:&quot;yes&quot;,&quot;pause_on_interaction&quot;:&quot;yes&quot;,&quot;autoplay_speed&quot;:5000,&quot;infinite&quot;:&quot;yes&quot;,&quot;speed&quot;:500,&quot;image_spacing_custom_tablet&quot;:{&quot;unit&quot;:&quot;px&quot;,&quot;size&quot;:&quot;&quot;,&quot;sizes&quot;:[]},&quot;image_spacing_custom_mobile&quot;:{&quot;unit&quot;:&quot;px&quot;,&quot;size&quot;:&quot;&quot;,&quot;sizes&quot;:[]}}\" data-widget_type=\"image-carousel.default\">\n\t\t\t\t<div class=\"elementor-widget-container\">\n\t\t\t\t\t\t\t<div class=\"elementor-image-carousel-wrapper swiper\" role=\"region\" aria-roledescription=\"carousel\" aria-label=\"Image Carousel\" dir=\"ltr\">\n\t\t\t<div class=\"elementor-image-carousel swiper-wrapper swiper-image-stretch\" aria-live=\"off\">\n\t\t\t\t\t\t\t\t<div class=\"swiper-slide\" role=\"group\" aria-roledescription=\"slide\" aria-label=\"1 of 2\" data-no-translation-aria-label=\"\"><a data-elementor-open-lightbox=\"yes\" data-elementor-lightbox-slideshow=\"9a9e8ff\" data-elementor-lightbox-title=\"Bitmap (71)\" data-e-action-hash=\"#elementor-action%3Aaction%3Dlightbox%26settings%3DeyJpZCI6NTIwOSwidXJsIjoiaHR0cHM6XC9cL3d3dy5lZGlscGVtYmEuY29tXC93cC1jb250ZW50XC91cGxvYWRzXC8yMDIzXC8wMlwvQml0bWFwLTcxLndlYnAiLCJzbGlkZXNob3ciOiI5YTllOGZmIn0%3D\" href=\"https:\/\/www.edilpemba.com\/wp-content\/uploads\/2023\/02\/Bitmap-71.webp\"><figure class=\"swiper-slide-inner\"><img decoding=\"async\" class=\"swiper-slide-image\" src=\"https:\/\/www.edilpemba.com\/wp-content\/uploads\/elementor\/thumbs\/Bitmap-71-q2tl7mhd5rqhvowxm9fbpbbfag2bllgydhr36m9l14.webp\" alt=\"Bitmap (71)\" \/><\/figure><\/a><\/div><div class=\"swiper-slide\" role=\"group\" aria-roledescription=\"slide\" aria-label=\"2 of 2\" data-no-translation-aria-label=\"\"><a data-elementor-open-lightbox=\"yes\" data-elementor-lightbox-slideshow=\"9a9e8ff\" data-elementor-lightbox-title=\"Bitmap (72)\" data-e-action-hash=\"#elementor-action%3Aaction%3Dlightbox%26settings%3DeyJpZCI6NTI2OCwidXJsIjoiaHR0cHM6XC9cL3d3dy5lZGlscGVtYmEuY29tXC93cC1jb250ZW50XC91cGxvYWRzXC8yMDIzXC8wMlwvQml0bWFwLTcyLndlYnAiLCJzbGlkZXNob3ciOiI5YTllOGZmIn0%3D\" href=\"https:\/\/www.edilpemba.com\/wp-content\/uploads\/2023\/02\/Bitmap-72.webp\"><figure class=\"swiper-slide-inner\"><img decoding=\"async\" class=\"swiper-slide-image\" src=\"https:\/\/www.edilpemba.com\/wp-content\/uploads\/elementor\/thumbs\/Bitmap-72-q2tmevzxq8ym9k2jzgo4ywa7lwtiw286nmqne448mw.webp\" alt=\"Bitmap (72)\" \/><\/figure><\/a><\/div>\t\t\t<\/div>\n\t\t\t\t\t\t\t\t\t\t\t\t<div class=\"elementor-swiper-button elementor-swiper-button-prev\" role=\"button\" tabindex=\"0\">\n\t\t\t\t\t\t<i aria-hidden=\"true\" class=\"eicon-chevron-left\"><\/i>\t\t\t\t\t<\/div>\n\t\t\t\t\t<div class=\"elementor-swiper-button elementor-swiper-button-next\" role=\"button\" tabindex=\"0\">\n\t\t\t\t\t\t<i aria-hidden=\"true\" class=\"eicon-chevron-right\"><\/i>\t\t\t\t\t<\/div>\n\t\t\t\t\n\t\t\t\t\t\t\t\t\t<div class=\"swiper-pagination\"><\/div>\n\t\t\t\t\t\t\t\t\t<\/div>\n\t\t\t\t\t\t<\/div>\n\t\t\t\t<\/div>\n\t\t\t\t\t<\/div>\n\t\t<\/div>\n\t\t\t\t\t<\/div>\n\t\t<\/section>\n\t\t\t\t\t<\/div>\n\t\t<\/div>\n\t\t\t\t\t<\/div>\n\t\t<\/section>\n\t\t<div class=\"elementor-element elementor-element-8df9266 e-flex e-con-boxed wpr-particle-no wpr-jarallax-no wpr-parallax-no wpr-sticky-section-no e-con e-parent\" data-id=\"8df9266\" data-element_type=\"container\" data-settings=\"{&quot;background_background&quot;:&quot;classic&quot;}\">\n\t\t\t\t\t<div class=\"e-con-inner\">\n\t\t<div class=\"elementor-element elementor-element-428e892 e-con-full e-flex wpr-particle-no wpr-jarallax-no wpr-parallax-no wpr-sticky-section-no e-con e-child\" data-id=\"428e892\" data-element_type=\"container\">\n\t\t\t\t<\/div>\n\t\t<div class=\"elementor-element elementor-element-b33e04f e-con-full e-flex wpr-particle-no wpr-jarallax-no wpr-parallax-no wpr-sticky-section-no e-con e-child\" data-id=\"b33e04f\" data-element_type=\"container\">\n\t\t\t\t<div class=\"elementor-element elementor-element-c414a46 elementor-widget elementor-widget-heading\" data-id=\"c414a46\" data-element_type=\"widget\" data-widget_type=\"heading.default\">\n\t\t\t\t<div class=\"elementor-widget-container\">\n\t\t\t\t\t<h3 class=\"elementor-heading-title elementor-size-default\">Contact us<\/h3>\t\t\t\t<\/div>\n\t\t\t\t<\/div>\n\t\t\t\t<div class=\"elementor-element elementor-element-f1589f0 elementor-widget elementor-widget-heading\" data-id=\"f1589f0\" data-element_type=\"widget\" data-widget_type=\"heading.default\">\n\t\t\t\t<div class=\"elementor-widget-container\">\n\t\t\t\t\t<h3 class=\"elementor-heading-title elementor-size-default\">Let's talk about your project<\/h3>\t\t\t\t<\/div>\n\t\t\t\t<\/div>\n\t\t\t\t<div class=\"elementor-element elementor-element-3f43981 elementor-icon-list--layout-inline elementor-mobile-align-start elementor-align-start elementor-list-item-link-full_width elementor-widget elementor-widget-icon-list\" data-id=\"3f43981\" data-element_type=\"widget\" data-widget_type=\"icon-list.default\">\n\t\t\t\t<div class=\"elementor-widget-container\">\n\t\t\t\t\t\t\t<ul class=\"elementor-icon-list-items elementor-inline-items\">\n\t\t\t\t\t\t\t<li class=\"elementor-icon-list-item elementor-inline-item\">\n\t\t\t\t\t\t\t\t\t\t\t<a href=\"tel:874460333\">\n\n\t\t\t\t\t\t\t\t\t\t\t\t<span class=\"elementor-icon-list-icon\">\n\t\t\t\t\t\t\t<i aria-hidden=\"true\" class=\"fas fa-phone\"><\/i>\t\t\t\t\t\t<\/span>\n\t\t\t\t\t\t\t\t\t\t<span class=\"elementor-icon-list-text\"> +258 87 446 0333<\/span>\n\t\t\t\t\t\t\t\t\t\t\t<\/a>\n\t\t\t\t\t\t\t\t\t<\/li>\n\t\t\t\t\t\t\t\t<li class=\"elementor-icon-list-item elementor-inline-item\">\n\t\t\t\t\t\t\t\t\t\t\t<a href=\"mailto:info@edilpemba.com\">\n\n\t\t\t\t\t\t\t\t\t\t\t\t<span class=\"elementor-icon-list-icon\">\n\t\t\t\t\t\t\t<i aria-hidden=\"true\" class=\"fas fa-envelope\"><\/i>\t\t\t\t\t\t<\/span>\n\t\t\t\t\t\t\t\t\t\t<span class=\"elementor-icon-list-text\">info@edilpemba.com<\/span>\n\t\t\t\t\t\t\t\t\t\t\t<\/a>\n\t\t\t\t\t\t\t\t\t<\/li>\n\t\t\t\t\t\t<\/ul>\n\t\t\t\t\t\t<\/div>\n\t\t\t\t<\/div>\n\t\t\t\t<div class=\"elementor-element elementor-element-f824286 elementor-align-left elementor-mobile-align-center elementor-widget elementor-widget-button\" data-id=\"f824286\" data-element_type=\"widget\" data-widget_type=\"button.default\">\n\t\t\t\t<div class=\"elementor-widget-container\">\n\t\t\t\t\t\t\t\t\t<div class=\"elementor-button-wrapper\">\n\t\t\t\t\t<a class=\"elementor-button elementor-button-link elementor-size-sm\" href=\"https:\/\/www.edilpemba.com\/en\/solicitar-orcamento\/\">\n\t\t\t\t\t\t<span class=\"elementor-button-content-wrapper\">\n\t\t\t\t\t\t<span class=\"elementor-button-icon\">\n\t\t\t\t<i aria-hidden=\"true\" class=\"far fa-paper-plane\"><\/i>\t\t\t<\/span>\n\t\t\t\t\t\t\t\t\t<span class=\"elementor-button-text\">Request a quote<\/span>\n\t\t\t\t\t<\/span>\n\t\t\t\t\t<\/a>\n\t\t\t\t<\/div>\n\t\t\t\t\t\t\t\t<\/div>\n\t\t\t\t<\/div>\n\t\t\t\t<\/div>\n\t\t\t\t\t<\/div>\n\t\t\t\t<\/div>\n\t\t\t\t<\/div>","protected":false},"excerpt":{"rendered":"<p>Voltar OBRA conclu\u00eddA CONSTRU\u00c7\u00c3O DE DRENAGEM E INFRA-ESTRUTURAS DE UTILIDADES Localiza\u00e7\u00e3o Pemba Sobre A OBRA Constru\u00e7\u00e3o de 2,5 km de estrada completa de sistema de ilumina\u00e7\u00e3o, drenagem e infra-estruturas de utilidades Contacto Vamos falar do seu projecto +258 87 446 0333 info@edilpemba.com Solicitar or\u00e7amento<\/p>","protected":false},"author":1,"featured_media":3331,"parent":0,"menu_order":0,"comment_status":"closed","ping_status":"closed","template":"elementor_header_footer","meta":{"footnotes":""},"class_list":["post-4736","page","type-page","status-publish","has-post-thumbnail","hentry"],"yoast_head":"<!-- This site is optimized with the Yoast SEO plugin v26.6 - https:\/\/yoast.com\/wordpress\/plugins\/seo\/ -->\n<title>CONSTRU\u00c7\u00c3O DE DRENAGEM E INFRA-ESTRUTURAS DE UTILIDADES - Edil Pemba Lda.<\/title>\n<meta name=\"robots\" content=\"index, follow, max-snippet:-1, max-image-preview:large, max-video-preview:-1\" \/>\n<link rel=\"canonical\" href=\"https:\/\/www.edilpemba.com\/en\/construcao-de-drenagem-e-infra-estruturas-de-utilidades\/\" \/>\n<meta property=\"og:locale\" content=\"en_US\" \/>\n<meta property=\"og:type\" content=\"article\" \/>\n<meta property=\"og:title\" content=\"CONSTRU\u00c7\u00c3O DE DRENAGEM E INFRA-ESTRUTURAS DE UTILIDADES - Edil Pemba Lda.\" \/>\n<meta property=\"og:description\" content=\"Voltar OBRA conclu\u00eddA CONSTRU\u00c7\u00c3O DE DRENAGEM E INFRA-ESTRUTURAS DE UTILIDADES Localiza\u00e7\u00e3o Pemba Sobre A OBRA Constru\u00e7\u00e3o de 2,5 km de estrada completa de sistema de ilumina\u00e7\u00e3o, drenagem e infra-estruturas de utilidades Contacto Vamos falar do seu projecto +258 87 446 0333 info@edilpemba.com Solicitar or\u00e7amento\" \/>\n<meta property=\"og:url\" content=\"https:\/\/www.edilpemba.com\/en\/construcao-de-drenagem-e-infra-estruturas-de-utilidades\/\" \/>\n<meta property=\"og:site_name\" content=\"Edil Pemba Lda.\" \/>\n<meta property=\"article:modified_time\" content=\"2024-12-20T09:25:42+00:00\" \/>\n<meta property=\"og:image\" content=\"https:\/\/www.edilpemba.com\/wp-content\/uploads\/2021\/11\/4575.jpg\" \/>\n\t<meta property=\"og:image:width\" content=\"360\" \/>\n\t<meta property=\"og:image:height\" content=\"250\" \/>\n\t<meta property=\"og:image:type\" content=\"image\/jpeg\" \/>\n<meta name=\"twitter:card\" content=\"summary_large_image\" \/>\n<meta name=\"twitter:label1\" content=\"Est. reading time\" \/>\n\t<meta name=\"twitter:data1\" content=\"2 minutes\" \/>\n<script type=\"application\/ld+json\" class=\"yoast-schema-graph\">{\"@context\":\"https:\/\/schema.org\",\"@graph\":[{\"@type\":\"WebPage\",\"@id\":\"https:\/\/www.edilpemba.com\/construcao-de-drenagem-e-infra-estruturas-de-utilidades\/\",\"url\":\"https:\/\/www.edilpemba.com\/construcao-de-drenagem-e-infra-estruturas-de-utilidades\/\",\"name\":\"CONSTRU\u00c7\u00c3O DE DRENAGEM E INFRA-ESTRUTURAS DE UTILIDADES - Edil Pemba Lda.\",\"isPartOf\":{\"@id\":\"https:\/\/www.edilpemba.com\/#website\"},\"primaryImageOfPage\":{\"@id\":\"https:\/\/www.edilpemba.com\/construcao-de-drenagem-e-infra-estruturas-de-utilidades\/#primaryimage\"},\"image\":{\"@id\":\"https:\/\/www.edilpemba.com\/construcao-de-drenagem-e-infra-estruturas-de-utilidades\/#primaryimage\"},\"thumbnailUrl\":\"https:\/\/www.edilpemba.com\/wp-content\/uploads\/2021\/11\/4575.jpg\",\"datePublished\":\"2023-02-27T09:27:24+00:00\",\"dateModified\":\"2024-12-20T09:25:42+00:00\",\"breadcrumb\":{\"@id\":\"https:\/\/www.edilpemba.com\/construcao-de-drenagem-e-infra-estruturas-de-utilidades\/#breadcrumb\"},\"inLanguage\":\"en-US\",\"potentialAction\":[{\"@type\":\"ReadAction\",\"target\":[\"https:\/\/www.edilpemba.com\/construcao-de-drenagem-e-infra-estruturas-de-utilidades\/\"]}]},{\"@type\":\"ImageObject\",\"inLanguage\":\"en-US\",\"@id\":\"https:\/\/www.edilpemba.com\/construcao-de-drenagem-e-infra-estruturas-de-utilidades\/#primaryimage\",\"url\":\"https:\/\/www.edilpemba.com\/wp-content\/uploads\/2021\/11\/4575.jpg\",\"contentUrl\":\"https:\/\/www.edilpemba.com\/wp-content\/uploads\/2021\/11\/4575.jpg\",\"width\":360,\"height\":250},{\"@type\":\"BreadcrumbList\",\"@id\":\"https:\/\/www.edilpemba.com\/construcao-de-drenagem-e-infra-estruturas-de-utilidades\/#breadcrumb\",\"itemListElement\":[{\"@type\":\"ListItem\",\"position\":1,\"name\":\"Home\",\"item\":\"https:\/\/www.edilpemba.com\/\"},{\"@type\":\"ListItem\",\"position\":2,\"name\":\"CONSTRU\u00c7\u00c3O DE DRENAGEM E INFRA-ESTRUTURAS DE UTILIDADES\"}]},{\"@type\":\"WebSite\",\"@id\":\"https:\/\/www.edilpemba.com\/#website\",\"url\":\"https:\/\/www.edilpemba.com\/\",\"name\":\"Edil Pemba Lda.\",\"description\":\"Your Indiginous Construction\",\"publisher\":{\"@id\":\"https:\/\/www.edilpemba.com\/#organization\"},\"potentialAction\":[{\"@type\":\"SearchAction\",\"target\":{\"@type\":\"EntryPoint\",\"urlTemplate\":\"https:\/\/www.edilpemba.com\/?s={search_term_string}\"},\"query-input\":{\"@type\":\"PropertyValueSpecification\",\"valueRequired\":true,\"valueName\":\"search_term_string\"}}],\"inLanguage\":\"en-US\"},{\"@type\":\"Organization\",\"@id\":\"https:\/\/www.edilpemba.com\/#organization\",\"name\":\"Edil Pemba Lda.\",\"url\":\"https:\/\/www.edilpemba.com\/\",\"logo\":{\"@type\":\"ImageObject\",\"inLanguage\":\"en-US\",\"@id\":\"https:\/\/www.edilpemba.com\/#\/schema\/logo\/image\/\",\"url\":\"https:\/\/www.edilpemba.com\/wp-content\/uploads\/2023\/02\/Edil-logo-1-scaled.jpg\",\"contentUrl\":\"https:\/\/www.edilpemba.com\/wp-content\/uploads\/2023\/02\/Edil-logo-1-scaled.jpg\",\"width\":2560,\"height\":2560,\"caption\":\"Edil Pemba Lda.\"},\"image\":{\"@id\":\"https:\/\/www.edilpemba.com\/#\/schema\/logo\/image\/\"}}]}<\/script>\n<!-- \/ Yoast SEO plugin. -->","yoast_head_json":{"title":"CONSTRU\u00c7\u00c3O DE DRENAGEM E INFRA-ESTRUTURAS DE UTILIDADES - Edil Pemba Lda.","robots":{"index":"index","follow":"follow","max-snippet":"max-snippet:-1","max-image-preview":"max-image-preview:large","max-video-preview":"max-video-preview:-1"},"canonical":"https:\/\/www.edilpemba.com\/en\/construcao-de-drenagem-e-infra-estruturas-de-utilidades\/","og_locale":"en_US","og_type":"article","og_title":"CONSTRU\u00c7\u00c3O DE DRENAGEM E INFRA-ESTRUTURAS DE UTILIDADES - Edil Pemba Lda.","og_description":"Voltar OBRA conclu\u00eddA CONSTRU\u00c7\u00c3O DE DRENAGEM E INFRA-ESTRUTURAS DE UTILIDADES Localiza\u00e7\u00e3o Pemba Sobre A OBRA Constru\u00e7\u00e3o de 2,5 km de estrada completa de sistema de ilumina\u00e7\u00e3o, drenagem e infra-estruturas de utilidades Contacto Vamos falar do seu projecto +258 87 446 0333 info@edilpemba.com Solicitar or\u00e7amento","og_url":"https:\/\/www.edilpemba.com\/en\/construcao-de-drenagem-e-infra-estruturas-de-utilidades\/","og_site_name":"Edil Pemba Lda.","article_modified_time":"2024-12-20T09:25:42+00:00","og_image":[{"width":360,"height":250,"url":"https:\/\/www.edilpemba.com\/wp-content\/uploads\/2021\/11\/4575.jpg","type":"image\/jpeg"}],"twitter_card":"summary_large_image","twitter_misc":{"Est. reading time":"2 minutes"},"schema":{"@context":"https:\/\/schema.org","@graph":[{"@type":"WebPage","@id":"https:\/\/www.edilpemba.com\/construcao-de-drenagem-e-infra-estruturas-de-utilidades\/","url":"https:\/\/www.edilpemba.com\/construcao-de-drenagem-e-infra-estruturas-de-utilidades\/","name":"CONSTRU\u00c7\u00c3O DE DRENAGEM E INFRA-ESTRUTURAS DE UTILIDADES - Edil Pemba Lda.","isPartOf":{"@id":"https:\/\/www.edilpemba.com\/#website"},"primaryImageOfPage":{"@id":"https:\/\/www.edilpemba.com\/construcao-de-drenagem-e-infra-estruturas-de-utilidades\/#primaryimage"},"image":{"@id":"https:\/\/www.edilpemba.com\/construcao-de-drenagem-e-infra-estruturas-de-utilidades\/#primaryimage"},"thumbnailUrl":"https:\/\/www.edilpemba.com\/wp-content\/uploads\/2021\/11\/4575.jpg","datePublished":"2023-02-27T09:27:24+00:00","dateModified":"2024-12-20T09:25:42+00:00","breadcrumb":{"@id":"https:\/\/www.edilpemba.com\/construcao-de-drenagem-e-infra-estruturas-de-utilidades\/#breadcrumb"},"inLanguage":"en-US","potentialAction":[{"@type":"ReadAction","target":["https:\/\/www.edilpemba.com\/construcao-de-drenagem-e-infra-estruturas-de-utilidades\/"]}]},{"@type":"ImageObject","inLanguage":"en-US","@id":"https:\/\/www.edilpemba.com\/construcao-de-drenagem-e-infra-estruturas-de-utilidades\/#primaryimage","url":"https:\/\/www.edilpemba.com\/wp-content\/uploads\/2021\/11\/4575.jpg","contentUrl":"https:\/\/www.edilpemba.com\/wp-content\/uploads\/2021\/11\/4575.jpg","width":360,"height":250},{"@type":"BreadcrumbList","@id":"https:\/\/www.edilpemba.com\/construcao-de-drenagem-e-infra-estruturas-de-utilidades\/#breadcrumb","itemListElement":[{"@type":"ListItem","position":1,"name":"Home","item":"https:\/\/www.edilpemba.com\/"},{"@type":"ListItem","position":2,"name":"CONSTRU\u00c7\u00c3O DE DRENAGEM E INFRA-ESTRUTURAS DE UTILIDADES"}]},{"@type":"WebSite","@id":"https:\/\/www.edilpemba.com\/#website","url":"https:\/\/www.edilpemba.com\/","name":"Edil Pemba Lda.","description":"Your Indiginous Construction","publisher":{"@id":"https:\/\/www.edilpemba.com\/#organization"},"potentialAction":[{"@type":"SearchAction","target":{"@type":"EntryPoint","urlTemplate":"https:\/\/www.edilpemba.com\/?s={search_term_string}"},"query-input":{"@type":"PropertyValueSpecification","valueRequired":true,"valueName":"search_term_string"}}],"inLanguage":"en-US"},{"@type":"Organization","@id":"https:\/\/www.edilpemba.com\/#organization","name":"Edil Pemba Lda.","url":"https:\/\/www.edilpemba.com\/","logo":{"@type":"ImageObject","inLanguage":"en-US","@id":"https:\/\/www.edilpemba.com\/#\/schema\/logo\/image\/","url":"https:\/\/www.edilpemba.com\/wp-content\/uploads\/2023\/02\/Edil-logo-1-scaled.jpg","contentUrl":"https:\/\/www.edilpemba.com\/wp-content\/uploads\/2023\/02\/Edil-logo-1-scaled.jpg","width":2560,"height":2560,"caption":"Edil Pemba Lda."},"image":{"@id":"https:\/\/www.edilpemba.com\/#\/schema\/logo\/image\/"}}]}},"_links":{"self":[{"href":"https:\/\/www.edilpemba.com\/en\/wp-json\/wp\/v2\/pages\/4736","targetHints":{"allow":["GET"]}}],"collection":[{"href":"https:\/\/www.edilpemba.com\/en\/wp-json\/wp\/v2\/pages"}],"about":[{"href":"https:\/\/www.edilpemba.com\/en\/wp-json\/wp\/v2\/types\/page"}],"author":[{"embeddable":true,"href":"https:\/\/www.edilpemba.com\/en\/wp-json\/wp\/v2\/users\/1"}],"replies":[{"embeddable":true,"href":"https:\/\/www.edilpemba.com\/en\/wp-json\/wp\/v2\/comments?post=4736"}],"version-history":[{"count":0,"href":"https:\/\/www.edilpemba.com\/en\/wp-json\/wp\/v2\/pages\/4736\/revisions"}],"wp:featuredmedia":[{"embeddable":true,"href":"https:\/\/www.edilpemba.com\/en\/wp-json\/wp\/v2\/media\/3331"}],"wp:attachment":[{"href":"https:\/\/www.edilpemba.com\/en\/wp-json\/wp\/v2\/media?parent=4736"}],"curies":[{"name":"wp","href":"https:\/\/api.w.org\/{rel}","templated":true}]}}