{"id":4724,"date":"2023-02-27T09:23:29","date_gmt":"2023-02-27T09:23:29","guid":{"rendered":"https:\/\/www.edilpemba.com\/?page_id=4724"},"modified":"2024-12-20T09:25:35","modified_gmt":"2024-12-20T09:25:35","slug":"construcao-da-cerca-em-pemba","status":"publish","type":"page","link":"https:\/\/www.edilpemba.com\/en\/construcao-da-cerca-em-pemba\/","title":{"rendered":"CONSTRU\u00c7\u00c3O DA CERCA EM PEMBA"},"content":{"rendered":"<div data-elementor-type=\"wp-page\" data-elementor-id=\"4724\" class=\"elementor elementor-4724\">\n\t\t\t\t\t\t<section class=\"elementor-section elementor-top-section elementor-element elementor-element-efb9c38 elementor-section-height-min-height elementor-section-boxed elementor-section-height-default elementor-section-items-middle wpr-particle-no wpr-jarallax-no wpr-parallax-no wpr-sticky-section-no\" data-id=\"efb9c38\" data-element_type=\"section\" data-settings=\"{&quot;background_background&quot;:&quot;classic&quot;}\">\n\t\t\t\t\t\t\t<div class=\"elementor-background-overlay\"><\/div>\n\t\t\t\t\t\t\t<div class=\"elementor-container elementor-column-gap-default\">\n\t\t\t\t\t<div class=\"elementor-column elementor-col-100 elementor-top-column elementor-element elementor-element-259e5b2\" data-id=\"259e5b2\" data-element_type=\"column\">\n\t\t\t<div class=\"elementor-widget-wrap\">\n\t\t\t\t\t\t\t<\/div>\n\t\t<\/div>\n\t\t\t\t\t<\/div>\n\t\t<\/section>\n\t\t\t\t<section class=\"elementor-section elementor-top-section elementor-element elementor-element-0153651 elementor-section-boxed elementor-section-height-default elementor-section-height-default wpr-particle-no wpr-jarallax-no wpr-parallax-no wpr-sticky-section-no\" data-id=\"0153651\" data-element_type=\"section\">\n\t\t\t\t\t\t<div class=\"elementor-container elementor-column-gap-default\">\n\t\t\t\t\t<div class=\"elementor-column elementor-col-100 elementor-top-column elementor-element elementor-element-9f75db8\" data-id=\"9f75db8\" data-element_type=\"column\" data-settings=\"{&quot;background_background&quot;:&quot;classic&quot;}\">\n\t\t\t<div class=\"elementor-widget-wrap elementor-element-populated\">\n\t\t\t\t\t\t<section class=\"elementor-section elementor-inner-section elementor-element elementor-element-b2071fe elementor-section-boxed elementor-section-height-default elementor-section-height-default wpr-particle-no wpr-jarallax-no wpr-parallax-no wpr-sticky-section-no\" data-id=\"b2071fe\" data-element_type=\"section\">\n\t\t\t\t\t\t<div class=\"elementor-container elementor-column-gap-default\">\n\t\t\t\t\t<div class=\"elementor-column elementor-col-50 elementor-inner-column elementor-element elementor-element-14da4b7\" data-id=\"14da4b7\" data-element_type=\"column\">\n\t\t\t<div class=\"elementor-widget-wrap elementor-element-populated\">\n\t\t\t\t\t\t<div class=\"elementor-element elementor-element-6d272ba elementor-align-left elementor-mobile-align-left elementor-widget elementor-widget-button\" data-id=\"6d272ba\" data-element_type=\"widget\" data-widget_type=\"button.default\">\n\t\t\t\t<div class=\"elementor-widget-container\">\n\t\t\t\t\t\t\t\t\t<div class=\"elementor-button-wrapper\">\n\t\t\t\t\t<a class=\"elementor-button elementor-button-link elementor-size-sm elementor-animation-grow\" href=\"https:\/\/www.edilpemba.com\/en\/work\/\">\n\t\t\t\t\t\t<span class=\"elementor-button-content-wrapper\">\n\t\t\t\t\t\t<span class=\"elementor-button-icon\">\n\t\t\t\t<i aria-hidden=\"true\" class=\"far fa-arrow-alt-circle-left\"><\/i>\t\t\t<\/span>\n\t\t\t\t\t\t\t\t\t<span class=\"elementor-button-text\">Go back<\/span>\n\t\t\t\t\t<\/span>\n\t\t\t\t\t<\/a>\n\t\t\t\t<\/div>\n\t\t\t\t\t\t\t\t<\/div>\n\t\t\t\t<\/div>\n\t\t\t\t<div class=\"elementor-element elementor-element-375928c elementor-widget elementor-widget-heading\" data-id=\"375928c\" data-element_type=\"widget\" data-widget_type=\"heading.default\">\n\t\t\t\t<div class=\"elementor-widget-container\">\n\t\t\t\t\t<h6 class=\"elementor-heading-title elementor-size-default\">OBRA conclu\u00eddA<\/h6>\t\t\t\t<\/div>\n\t\t\t\t<\/div>\n\t\t\t\t<div class=\"elementor-element elementor-element-155249d elementor-widget elementor-widget-heading\" data-id=\"155249d\" data-element_type=\"widget\" data-widget_type=\"heading.default\">\n\t\t\t\t<div class=\"elementor-widget-container\">\n\t\t\t\t\t<h1 class=\"elementor-heading-title elementor-size-default\">Construction of the fence around the perimeter of the area belonging to the warehouse<\/h1>\t\t\t\t<\/div>\n\t\t\t\t<\/div>\n\t\t\t\t\t<\/div>\n\t\t<\/div>\n\t\t\t\t<div class=\"elementor-column elementor-col-50 elementor-inner-column elementor-element elementor-element-ec963c9\" data-id=\"ec963c9\" data-element_type=\"column\">\n\t\t\t<div class=\"elementor-widget-wrap elementor-element-populated\">\n\t\t\t\t\t\t<div class=\"elementor-element elementor-element-e719269 elementor-widget elementor-widget-heading\" data-id=\"e719269\" data-element_type=\"widget\" data-widget_type=\"heading.default\">\n\t\t\t\t<div class=\"elementor-widget-container\">\n\t\t\t\t\t<h5 class=\"elementor-heading-title elementor-size-default\">Location<\/h5>\t\t\t\t<\/div>\n\t\t\t\t<\/div>\n\t\t\t\t<div class=\"elementor-element elementor-element-e406486 elementor-widget elementor-widget-text-editor\" data-id=\"e406486\" data-element_type=\"widget\" data-widget_type=\"text-editor.default\">\n\t\t\t\t<div class=\"elementor-widget-container\">\n\t\t\t\t\t\t\t\t\t<p>Pemba- Mo\u00e7ambique<\/p>\t\t\t\t\t\t\t\t<\/div>\n\t\t\t\t<\/div>\n\t\t\t\t\t<\/div>\n\t\t<\/div>\n\t\t\t\t\t<\/div>\n\t\t<\/section>\n\t\t\t\t\t<\/div>\n\t\t<\/div>\n\t\t\t\t\t<\/div>\n\t\t<\/section>\n\t\t\t\t<section class=\"elementor-section elementor-top-section elementor-element elementor-element-99638ce elementor-section-boxed elementor-section-height-default elementor-section-height-default wpr-particle-no wpr-jarallax-no wpr-parallax-no wpr-sticky-section-no\" data-id=\"99638ce\" data-element_type=\"section\">\n\t\t\t\t\t\t<div class=\"elementor-container elementor-column-gap-default\">\n\t\t\t\t\t<div class=\"elementor-column elementor-col-100 elementor-top-column elementor-element elementor-element-a73a7a4\" data-id=\"a73a7a4\" data-element_type=\"column\">\n\t\t\t<div class=\"elementor-widget-wrap elementor-element-populated\">\n\t\t\t\t\t\t<section class=\"elementor-section elementor-inner-section elementor-element elementor-element-dc5d681 elementor-section-boxed elementor-section-height-default elementor-section-height-default wpr-particle-no wpr-jarallax-no wpr-parallax-no wpr-sticky-section-no\" data-id=\"dc5d681\" data-element_type=\"section\">\n\t\t\t\t\t\t<div class=\"elementor-container elementor-column-gap-default\">\n\t\t\t\t\t<div class=\"elementor-column elementor-col-50 elementor-inner-column elementor-element elementor-element-987aad0\" data-id=\"987aad0\" data-element_type=\"column\">\n\t\t\t<div class=\"elementor-widget-wrap elementor-element-populated\">\n\t\t\t\t\t\t<div class=\"elementor-element elementor-element-867128d elementor-widget elementor-widget-heading\" data-id=\"867128d\" data-element_type=\"widget\" data-widget_type=\"heading.default\">\n\t\t\t\t<div class=\"elementor-widget-container\">\n\t\t\t\t\t<h2 class=\"elementor-heading-title elementor-size-default\">ABOUT THE PROJECT<\/h2>\t\t\t\t<\/div>\n\t\t\t\t<\/div>\n\t\t\t\t<div class=\"elementor-element elementor-element-260e947 elementor-widget elementor-widget-text-editor\" data-id=\"260e947\" data-element_type=\"widget\" data-widget_type=\"text-editor.default\">\n\t\t\t\t<div class=\"elementor-widget-container\">\n\t\t\t\t\t\t\t\t\t<div id=\"tw-target-text-container\" class=\"tw-ta-container F0azHf tw-nfl\" tabindex=\"0\"><p id=\"tw-target-text\" class=\"tw-data-text tw-text-large tw-ta\" dir=\"ltr\" data-placeholder=\"Tradu\u00e7\u00e3o\"><span class=\"Y2IQFc\" lang=\"pt\">Sealing the area whit galvanized pipes, mesh, reinforced concrete foundation. Anti-snake net on the outer perimeter of the fence.<\/span><\/p><\/div>\t\t\t\t\t\t\t\t<\/div>\n\t\t\t\t<\/div>\n\t\t\t\t\t<\/div>\n\t\t<\/div>\n\t\t\t\t<div class=\"elementor-column elementor-col-50 elementor-inner-column elementor-element elementor-element-9f7d590\" data-id=\"9f7d590\" data-element_type=\"column\">\n\t\t\t<div class=\"elementor-widget-wrap\">\n\t\t\t\t\t\t\t<\/div>\n\t\t<\/div>\n\t\t\t\t\t<\/div>\n\t\t<\/section>\n\t\t\t\t<section class=\"elementor-section elementor-inner-section elementor-element elementor-element-136f9f5 elementor-section-boxed elementor-section-height-default elementor-section-height-default wpr-particle-no wpr-jarallax-no wpr-parallax-no wpr-sticky-section-no\" data-id=\"136f9f5\" data-element_type=\"section\">\n\t\t\t\t\t\t<div class=\"elementor-container elementor-column-gap-default\">\n\t\t\t\t\t<div class=\"elementor-column elementor-col-100 elementor-inner-column elementor-element elementor-element-49462f4\" data-id=\"49462f4\" data-element_type=\"column\">\n\t\t\t<div class=\"elementor-widget-wrap elementor-element-populated\">\n\t\t\t\t\t\t<div class=\"elementor-element elementor-element-e0b5211 elementor-arrows-position-inside elementor-pagination-position-outside elementor-widget elementor-widget-image-carousel\" data-id=\"e0b5211\" data-element_type=\"widget\" data-settings=\"{&quot;image_spacing_custom&quot;:{&quot;unit&quot;:&quot;px&quot;,&quot;size&quot;:16,&quot;sizes&quot;:[]},&quot;slides_to_show&quot;:&quot;4&quot;,&quot;slides_to_show_tablet&quot;:&quot;3&quot;,&quot;slides_to_show_mobile&quot;:&quot;2&quot;,&quot;navigation&quot;:&quot;both&quot;,&quot;autoplay&quot;:&quot;yes&quot;,&quot;pause_on_hover&quot;:&quot;yes&quot;,&quot;pause_on_interaction&quot;:&quot;yes&quot;,&quot;autoplay_speed&quot;:5000,&quot;infinite&quot;:&quot;yes&quot;,&quot;speed&quot;:500,&quot;image_spacing_custom_tablet&quot;:{&quot;unit&quot;:&quot;px&quot;,&quot;size&quot;:&quot;&quot;,&quot;sizes&quot;:[]},&quot;image_spacing_custom_mobile&quot;:{&quot;unit&quot;:&quot;px&quot;,&quot;size&quot;:&quot;&quot;,&quot;sizes&quot;:[]}}\" data-widget_type=\"image-carousel.default\">\n\t\t\t\t<div class=\"elementor-widget-container\">\n\t\t\t\t\t\t\t<div class=\"elementor-image-carousel-wrapper swiper\" role=\"region\" aria-roledescription=\"carousel\" aria-label=\"Image Carousel\" dir=\"ltr\">\n\t\t\t<div class=\"elementor-image-carousel swiper-wrapper swiper-image-stretch\" aria-live=\"off\">\n\t\t\t\t\t\t\t\t<div class=\"swiper-slide\" role=\"group\" aria-roledescription=\"slide\" aria-label=\"1 of 3\" data-no-translation-aria-label=\"\"><a data-elementor-open-lightbox=\"yes\" data-elementor-lightbox-slideshow=\"e0b5211\" data-elementor-lightbox-title=\"Bitmap (23)\" data-e-action-hash=\"#elementor-action%3Aaction%3Dlightbox%26settings%3DeyJpZCI6NDg3OSwidXJsIjoiaHR0cHM6XC9cL3d3dy5lZGlscGVtYmEuY29tXC93cC1jb250ZW50XC91cGxvYWRzXC8yMDIzXC8wMlwvQml0bWFwLTIzLndlYnAiLCJzbGlkZXNob3ciOiJlMGI1MjExIn0%3D\" href=\"https:\/\/www.edilpemba.com\/wp-content\/uploads\/2023\/02\/Bitmap-23.webp\"><figure class=\"swiper-slide-inner\"><img decoding=\"async\" class=\"swiper-slide-image\" src=\"https:\/\/www.edilpemba.com\/wp-content\/uploads\/elementor\/thumbs\/Bitmap-23-q2rxbjaqjm7onyr4ns3tsw8xjd5efoy69ugksd4blk.webp\" alt=\"Bitmap (23)\" \/><\/figure><\/a><\/div><div class=\"swiper-slide\" role=\"group\" aria-roledescription=\"slide\" aria-label=\"2 of 3\" data-no-translation-aria-label=\"\"><a data-elementor-open-lightbox=\"yes\" data-elementor-lightbox-slideshow=\"e0b5211\" data-elementor-lightbox-title=\"Bitmap (24)\" data-e-action-hash=\"#elementor-action%3Aaction%3Dlightbox%26settings%3DeyJpZCI6NDg3OCwidXJsIjoiaHR0cHM6XC9cL3d3dy5lZGlscGVtYmEuY29tXC93cC1jb250ZW50XC91cGxvYWRzXC8yMDIzXC8wMlwvQml0bWFwLTI0LndlYnAiLCJzbGlkZXNob3ciOiJlMGI1MjExIn0%3D\" href=\"https:\/\/www.edilpemba.com\/wp-content\/uploads\/2023\/02\/Bitmap-24.webp\"><figure class=\"swiper-slide-inner\"><img decoding=\"async\" class=\"swiper-slide-image\" src=\"https:\/\/www.edilpemba.com\/wp-content\/uploads\/elementor\/thumbs\/Bitmap-24-q2rxbgh7z43tp4v848vy3eyjr7jaslmz9gi4cj8i48.webp\" alt=\"Bitmap (24)\" \/><\/figure><\/a><\/div><div class=\"swiper-slide\" role=\"group\" aria-roledescription=\"slide\" aria-label=\"3 of 3\" data-no-translation-aria-label=\"\"><a data-elementor-open-lightbox=\"yes\" data-elementor-lightbox-slideshow=\"e0b5211\" data-elementor-lightbox-title=\"Bitmap (25)\" data-e-action-hash=\"#elementor-action%3Aaction%3Dlightbox%26settings%3DeyJpZCI6NDg3NywidXJsIjoiaHR0cHM6XC9cL3d3dy5lZGlscGVtYmEuY29tXC93cC1jb250ZW50XC91cGxvYWRzXC8yMDIzXC8wMlwvQml0bWFwLTI1LndlYnAiLCJzbGlkZXNob3ciOiJlMGI1MjExIn0%3D\" href=\"https:\/\/www.edilpemba.com\/wp-content\/uploads\/2023\/02\/Bitmap-25.webp\"><figure class=\"swiper-slide-inner\"><img decoding=\"async\" class=\"swiper-slide-image\" src=\"https:\/\/www.edilpemba.com\/wp-content\/uploads\/elementor\/thumbs\/Bitmap-25-q2rxbeljlg191wxyf82oyffmkfskd7fil775dzbago.webp\" alt=\"Bitmap (25)\" \/><\/figure><\/a><\/div>\t\t\t<\/div>\n\t\t\t\t\t\t\t\t\t\t\t\t<div class=\"elementor-swiper-button elementor-swiper-button-prev\" role=\"button\" tabindex=\"0\">\n\t\t\t\t\t\t<i aria-hidden=\"true\" class=\"eicon-chevron-left\"><\/i>\t\t\t\t\t<\/div>\n\t\t\t\t\t<div class=\"elementor-swiper-button elementor-swiper-button-next\" role=\"button\" tabindex=\"0\">\n\t\t\t\t\t\t<i aria-hidden=\"true\" class=\"eicon-chevron-right\"><\/i>\t\t\t\t\t<\/div>\n\t\t\t\t\n\t\t\t\t\t\t\t\t\t<div class=\"swiper-pagination\"><\/div>\n\t\t\t\t\t\t\t\t\t<\/div>\n\t\t\t\t\t\t<\/div>\n\t\t\t\t<\/div>\n\t\t\t\t\t<\/div>\n\t\t<\/div>\n\t\t\t\t\t<\/div>\n\t\t<\/section>\n\t\t\t\t\t<\/div>\n\t\t<\/div>\n\t\t\t\t\t<\/div>\n\t\t<\/section>\n\t\t<div class=\"elementor-element elementor-element-44a3342 e-flex e-con-boxed wpr-particle-no wpr-jarallax-no wpr-parallax-no wpr-sticky-section-no e-con e-parent\" data-id=\"44a3342\" data-element_type=\"container\" data-settings=\"{&quot;background_background&quot;:&quot;classic&quot;}\">\n\t\t\t\t\t<div class=\"e-con-inner\">\n\t\t<div class=\"elementor-element elementor-element-97a6bee e-con-full e-flex wpr-particle-no wpr-jarallax-no wpr-parallax-no wpr-sticky-section-no e-con e-child\" data-id=\"97a6bee\" data-element_type=\"container\">\n\t\t\t\t<\/div>\n\t\t<div class=\"elementor-element elementor-element-53020f0 e-con-full e-flex wpr-particle-no wpr-jarallax-no wpr-parallax-no wpr-sticky-section-no e-con e-child\" data-id=\"53020f0\" data-element_type=\"container\">\n\t\t\t\t<div class=\"elementor-element elementor-element-48421b1 elementor-widget elementor-widget-heading\" data-id=\"48421b1\" data-element_type=\"widget\" data-widget_type=\"heading.default\">\n\t\t\t\t<div class=\"elementor-widget-container\">\n\t\t\t\t\t<h3 class=\"elementor-heading-title elementor-size-default\">Contact us<\/h3>\t\t\t\t<\/div>\n\t\t\t\t<\/div>\n\t\t\t\t<div class=\"elementor-element elementor-element-6f8a14e elementor-widget elementor-widget-heading\" data-id=\"6f8a14e\" data-element_type=\"widget\" data-widget_type=\"heading.default\">\n\t\t\t\t<div class=\"elementor-widget-container\">\n\t\t\t\t\t<h3 class=\"elementor-heading-title elementor-size-default\">Let's talk about your project<\/h3>\t\t\t\t<\/div>\n\t\t\t\t<\/div>\n\t\t\t\t<div class=\"elementor-element elementor-element-66ea188 elementor-icon-list--layout-inline elementor-mobile-align-start elementor-align-start elementor-list-item-link-full_width elementor-widget elementor-widget-icon-list\" data-id=\"66ea188\" data-element_type=\"widget\" data-widget_type=\"icon-list.default\">\n\t\t\t\t<div class=\"elementor-widget-container\">\n\t\t\t\t\t\t\t<ul class=\"elementor-icon-list-items elementor-inline-items\">\n\t\t\t\t\t\t\t<li class=\"elementor-icon-list-item elementor-inline-item\">\n\t\t\t\t\t\t\t\t\t\t\t<a href=\"tel:874460333\">\n\n\t\t\t\t\t\t\t\t\t\t\t\t<span class=\"elementor-icon-list-icon\">\n\t\t\t\t\t\t\t<i aria-hidden=\"true\" class=\"fas fa-phone\"><\/i>\t\t\t\t\t\t<\/span>\n\t\t\t\t\t\t\t\t\t\t<span class=\"elementor-icon-list-text\"> +258 87 446 0333<\/span>\n\t\t\t\t\t\t\t\t\t\t\t<\/a>\n\t\t\t\t\t\t\t\t\t<\/li>\n\t\t\t\t\t\t\t\t<li class=\"elementor-icon-list-item elementor-inline-item\">\n\t\t\t\t\t\t\t\t\t\t\t<a href=\"mailto:info@edilpemba.com\">\n\n\t\t\t\t\t\t\t\t\t\t\t\t<span class=\"elementor-icon-list-icon\">\n\t\t\t\t\t\t\t<i aria-hidden=\"true\" class=\"fas fa-envelope\"><\/i>\t\t\t\t\t\t<\/span>\n\t\t\t\t\t\t\t\t\t\t<span class=\"elementor-icon-list-text\">info@edilpemba.com<\/span>\n\t\t\t\t\t\t\t\t\t\t\t<\/a>\n\t\t\t\t\t\t\t\t\t<\/li>\n\t\t\t\t\t\t<\/ul>\n\t\t\t\t\t\t<\/div>\n\t\t\t\t<\/div>\n\t\t\t\t<div class=\"elementor-element elementor-element-4a70328 elementor-align-left elementor-mobile-align-center elementor-widget elementor-widget-button\" data-id=\"4a70328\" data-element_type=\"widget\" data-widget_type=\"button.default\">\n\t\t\t\t<div class=\"elementor-widget-container\">\n\t\t\t\t\t\t\t\t\t<div class=\"elementor-button-wrapper\">\n\t\t\t\t\t<a class=\"elementor-button elementor-button-link elementor-size-sm\" href=\"https:\/\/www.edilpemba.com\/en\/solicitar-orcamento\/\">\n\t\t\t\t\t\t<span class=\"elementor-button-content-wrapper\">\n\t\t\t\t\t\t<span class=\"elementor-button-icon\">\n\t\t\t\t<i aria-hidden=\"true\" class=\"far fa-paper-plane\"><\/i>\t\t\t<\/span>\n\t\t\t\t\t\t\t\t\t<span class=\"elementor-button-text\">Request a quote<\/span>\n\t\t\t\t\t<\/span>\n\t\t\t\t\t<\/a>\n\t\t\t\t<\/div>\n\t\t\t\t\t\t\t\t<\/div>\n\t\t\t\t<\/div>\n\t\t\t\t<\/div>\n\t\t\t\t\t<\/div>\n\t\t\t\t<\/div>\n\t\t\t\t<\/div>","protected":false},"excerpt":{"rendered":"<p>Voltar OBRA conclu\u00eddA Constru\u00e7\u00e3o da cerca no per\u00edmetro da \u00e1rea pertencente ao armaz\u00e9m Localiza\u00e7\u00e3o Pemba- Mo\u00e7ambique Sobre A OBRA Veda\u00e7\u00e3o da \u00e1rea com tubos galvanizados, tela, funda\u00e7\u00e3o de concreto armado. Rede anti-cobra no per\u00edmetro externo da cerca. Contacto Vamos falar do seu projecto +258 87 446 0333 info@edilpemba.com Solicitar or\u00e7amento<\/p>","protected":false},"author":1,"featured_media":4878,"parent":0,"menu_order":0,"comment_status":"closed","ping_status":"closed","template":"elementor_header_footer","meta":{"footnotes":""},"class_list":["post-4724","page","type-page","status-publish","has-post-thumbnail","hentry"],"yoast_head":"<!-- This site is optimized with the Yoast SEO plugin v26.6 - https:\/\/yoast.com\/wordpress\/plugins\/seo\/ -->\n<title>CONSTRU\u00c7\u00c3O DA CERCA EM PEMBA - Edil Pemba Lda.<\/title>\n<meta name=\"robots\" content=\"index, follow, max-snippet:-1, max-image-preview:large, max-video-preview:-1\" \/>\n<link rel=\"canonical\" href=\"https:\/\/www.edilpemba.com\/en\/construcao-da-cerca-em-pemba\/\" \/>\n<meta property=\"og:locale\" content=\"en_US\" \/>\n<meta property=\"og:type\" content=\"article\" \/>\n<meta property=\"og:title\" content=\"CONSTRU\u00c7\u00c3O DA CERCA EM PEMBA - Edil Pemba Lda.\" \/>\n<meta property=\"og:description\" content=\"Voltar OBRA conclu\u00eddA Constru\u00e7\u00e3o da cerca no per\u00edmetro da \u00e1rea pertencente ao armaz\u00e9m Localiza\u00e7\u00e3o Pemba- Mo\u00e7ambique Sobre A OBRA Veda\u00e7\u00e3o da \u00e1rea com tubos galvanizados, tela, funda\u00e7\u00e3o de concreto armado. Rede anti-cobra no per\u00edmetro externo da cerca. Contacto Vamos falar do seu projecto +258 87 446 0333 info@edilpemba.com Solicitar or\u00e7amento\" \/>\n<meta property=\"og:url\" content=\"https:\/\/www.edilpemba.com\/en\/construcao-da-cerca-em-pemba\/\" \/>\n<meta property=\"og:site_name\" content=\"Edil Pemba Lda.\" \/>\n<meta property=\"article:modified_time\" content=\"2024-12-20T09:25:35+00:00\" \/>\n<meta property=\"og:image\" content=\"https:\/\/www.edilpemba.com\/wp-content\/uploads\/2023\/02\/Bitmap-24.webp\" \/>\n\t<meta property=\"og:image:width\" content=\"684\" \/>\n\t<meta property=\"og:image:height\" content=\"912\" \/>\n\t<meta property=\"og:image:type\" content=\"image\/webp\" \/>\n<meta name=\"twitter:card\" content=\"summary_large_image\" \/>\n<meta name=\"twitter:label1\" content=\"Est. reading time\" \/>\n\t<meta name=\"twitter:data1\" content=\"3 minutes\" \/>\n<script type=\"application\/ld+json\" class=\"yoast-schema-graph\">{\"@context\":\"https:\/\/schema.org\",\"@graph\":[{\"@type\":\"WebPage\",\"@id\":\"https:\/\/www.edilpemba.com\/construcao-da-cerca-em-pemba\/\",\"url\":\"https:\/\/www.edilpemba.com\/construcao-da-cerca-em-pemba\/\",\"name\":\"CONSTRU\u00c7\u00c3O DA CERCA EM PEMBA - Edil Pemba Lda.\",\"isPartOf\":{\"@id\":\"https:\/\/www.edilpemba.com\/#website\"},\"primaryImageOfPage\":{\"@id\":\"https:\/\/www.edilpemba.com\/construcao-da-cerca-em-pemba\/#primaryimage\"},\"image\":{\"@id\":\"https:\/\/www.edilpemba.com\/construcao-da-cerca-em-pemba\/#primaryimage\"},\"thumbnailUrl\":\"https:\/\/www.edilpemba.com\/wp-content\/uploads\/2023\/02\/Bitmap-24.webp\",\"datePublished\":\"2023-02-27T09:23:29+00:00\",\"dateModified\":\"2024-12-20T09:25:35+00:00\",\"breadcrumb\":{\"@id\":\"https:\/\/www.edilpemba.com\/construcao-da-cerca-em-pemba\/#breadcrumb\"},\"inLanguage\":\"en-US\",\"potentialAction\":[{\"@type\":\"ReadAction\",\"target\":[\"https:\/\/www.edilpemba.com\/construcao-da-cerca-em-pemba\/\"]}]},{\"@type\":\"ImageObject\",\"inLanguage\":\"en-US\",\"@id\":\"https:\/\/www.edilpemba.com\/construcao-da-cerca-em-pemba\/#primaryimage\",\"url\":\"https:\/\/www.edilpemba.com\/wp-content\/uploads\/2023\/02\/Bitmap-24.webp\",\"contentUrl\":\"https:\/\/www.edilpemba.com\/wp-content\/uploads\/2023\/02\/Bitmap-24.webp\",\"width\":684,\"height\":912},{\"@type\":\"BreadcrumbList\",\"@id\":\"https:\/\/www.edilpemba.com\/construcao-da-cerca-em-pemba\/#breadcrumb\",\"itemListElement\":[{\"@type\":\"ListItem\",\"position\":1,\"name\":\"Home\",\"item\":\"https:\/\/www.edilpemba.com\/\"},{\"@type\":\"ListItem\",\"position\":2,\"name\":\"CONSTRU\u00c7\u00c3O DA CERCA EM PEMBA\"}]},{\"@type\":\"WebSite\",\"@id\":\"https:\/\/www.edilpemba.com\/#website\",\"url\":\"https:\/\/www.edilpemba.com\/\",\"name\":\"Edil Pemba Lda.\",\"description\":\"Your Indiginous Construction\",\"publisher\":{\"@id\":\"https:\/\/www.edilpemba.com\/#organization\"},\"potentialAction\":[{\"@type\":\"SearchAction\",\"target\":{\"@type\":\"EntryPoint\",\"urlTemplate\":\"https:\/\/www.edilpemba.com\/?s={search_term_string}\"},\"query-input\":{\"@type\":\"PropertyValueSpecification\",\"valueRequired\":true,\"valueName\":\"search_term_string\"}}],\"inLanguage\":\"en-US\"},{\"@type\":\"Organization\",\"@id\":\"https:\/\/www.edilpemba.com\/#organization\",\"name\":\"Edil Pemba Lda.\",\"url\":\"https:\/\/www.edilpemba.com\/\",\"logo\":{\"@type\":\"ImageObject\",\"inLanguage\":\"en-US\",\"@id\":\"https:\/\/www.edilpemba.com\/#\/schema\/logo\/image\/\",\"url\":\"https:\/\/www.edilpemba.com\/wp-content\/uploads\/2023\/02\/Edil-logo-1-scaled.jpg\",\"contentUrl\":\"https:\/\/www.edilpemba.com\/wp-content\/uploads\/2023\/02\/Edil-logo-1-scaled.jpg\",\"width\":2560,\"height\":2560,\"caption\":\"Edil Pemba Lda.\"},\"image\":{\"@id\":\"https:\/\/www.edilpemba.com\/#\/schema\/logo\/image\/\"}}]}<\/script>\n<!-- \/ Yoast SEO plugin. -->","yoast_head_json":{"title":"CONSTRU\u00c7\u00c3O DA CERCA EM PEMBA - Edil Pemba Lda.","robots":{"index":"index","follow":"follow","max-snippet":"max-snippet:-1","max-image-preview":"max-image-preview:large","max-video-preview":"max-video-preview:-1"},"canonical":"https:\/\/www.edilpemba.com\/en\/construcao-da-cerca-em-pemba\/","og_locale":"en_US","og_type":"article","og_title":"CONSTRU\u00c7\u00c3O DA CERCA EM PEMBA - Edil Pemba Lda.","og_description":"Voltar OBRA conclu\u00eddA Constru\u00e7\u00e3o da cerca no per\u00edmetro da \u00e1rea pertencente ao armaz\u00e9m Localiza\u00e7\u00e3o Pemba- Mo\u00e7ambique Sobre A OBRA Veda\u00e7\u00e3o da \u00e1rea com tubos galvanizados, tela, funda\u00e7\u00e3o de concreto armado. Rede anti-cobra no per\u00edmetro externo da cerca. Contacto Vamos falar do seu projecto +258 87 446 0333 info@edilpemba.com Solicitar or\u00e7amento","og_url":"https:\/\/www.edilpemba.com\/en\/construcao-da-cerca-em-pemba\/","og_site_name":"Edil Pemba Lda.","article_modified_time":"2024-12-20T09:25:35+00:00","og_image":[{"width":684,"height":912,"url":"https:\/\/www.edilpemba.com\/wp-content\/uploads\/2023\/02\/Bitmap-24.webp","type":"image\/webp"}],"twitter_card":"summary_large_image","twitter_misc":{"Est. reading time":"3 minutes"},"schema":{"@context":"https:\/\/schema.org","@graph":[{"@type":"WebPage","@id":"https:\/\/www.edilpemba.com\/construcao-da-cerca-em-pemba\/","url":"https:\/\/www.edilpemba.com\/construcao-da-cerca-em-pemba\/","name":"CONSTRU\u00c7\u00c3O DA CERCA EM PEMBA - Edil Pemba Lda.","isPartOf":{"@id":"https:\/\/www.edilpemba.com\/#website"},"primaryImageOfPage":{"@id":"https:\/\/www.edilpemba.com\/construcao-da-cerca-em-pemba\/#primaryimage"},"image":{"@id":"https:\/\/www.edilpemba.com\/construcao-da-cerca-em-pemba\/#primaryimage"},"thumbnailUrl":"https:\/\/www.edilpemba.com\/wp-content\/uploads\/2023\/02\/Bitmap-24.webp","datePublished":"2023-02-27T09:23:29+00:00","dateModified":"2024-12-20T09:25:35+00:00","breadcrumb":{"@id":"https:\/\/www.edilpemba.com\/construcao-da-cerca-em-pemba\/#breadcrumb"},"inLanguage":"en-US","potentialAction":[{"@type":"ReadAction","target":["https:\/\/www.edilpemba.com\/construcao-da-cerca-em-pemba\/"]}]},{"@type":"ImageObject","inLanguage":"en-US","@id":"https:\/\/www.edilpemba.com\/construcao-da-cerca-em-pemba\/#primaryimage","url":"https:\/\/www.edilpemba.com\/wp-content\/uploads\/2023\/02\/Bitmap-24.webp","contentUrl":"https:\/\/www.edilpemba.com\/wp-content\/uploads\/2023\/02\/Bitmap-24.webp","width":684,"height":912},{"@type":"BreadcrumbList","@id":"https:\/\/www.edilpemba.com\/construcao-da-cerca-em-pemba\/#breadcrumb","itemListElement":[{"@type":"ListItem","position":1,"name":"Home","item":"https:\/\/www.edilpemba.com\/"},{"@type":"ListItem","position":2,"name":"CONSTRU\u00c7\u00c3O DA CERCA EM PEMBA"}]},{"@type":"WebSite","@id":"https:\/\/www.edilpemba.com\/#website","url":"https:\/\/www.edilpemba.com\/","name":"Edil Pemba Lda.","description":"Your Indiginous Construction","publisher":{"@id":"https:\/\/www.edilpemba.com\/#organization"},"potentialAction":[{"@type":"SearchAction","target":{"@type":"EntryPoint","urlTemplate":"https:\/\/www.edilpemba.com\/?s={search_term_string}"},"query-input":{"@type":"PropertyValueSpecification","valueRequired":true,"valueName":"search_term_string"}}],"inLanguage":"en-US"},{"@type":"Organization","@id":"https:\/\/www.edilpemba.com\/#organization","name":"Edil Pemba Lda.","url":"https:\/\/www.edilpemba.com\/","logo":{"@type":"ImageObject","inLanguage":"en-US","@id":"https:\/\/www.edilpemba.com\/#\/schema\/logo\/image\/","url":"https:\/\/www.edilpemba.com\/wp-content\/uploads\/2023\/02\/Edil-logo-1-scaled.jpg","contentUrl":"https:\/\/www.edilpemba.com\/wp-content\/uploads\/2023\/02\/Edil-logo-1-scaled.jpg","width":2560,"height":2560,"caption":"Edil Pemba Lda."},"image":{"@id":"https:\/\/www.edilpemba.com\/#\/schema\/logo\/image\/"}}]}},"_links":{"self":[{"href":"https:\/\/www.edilpemba.com\/en\/wp-json\/wp\/v2\/pages\/4724","targetHints":{"allow":["GET"]}}],"collection":[{"href":"https:\/\/www.edilpemba.com\/en\/wp-json\/wp\/v2\/pages"}],"about":[{"href":"https:\/\/www.edilpemba.com\/en\/wp-json\/wp\/v2\/types\/page"}],"author":[{"embeddable":true,"href":"https:\/\/www.edilpemba.com\/en\/wp-json\/wp\/v2\/users\/1"}],"replies":[{"embeddable":true,"href":"https:\/\/www.edilpemba.com\/en\/wp-json\/wp\/v2\/comments?post=4724"}],"version-history":[{"count":0,"href":"https:\/\/www.edilpemba.com\/en\/wp-json\/wp\/v2\/pages\/4724\/revisions"}],"wp:featuredmedia":[{"embeddable":true,"href":"https:\/\/www.edilpemba.com\/en\/wp-json\/wp\/v2\/media\/4878"}],"wp:attachment":[{"href":"https:\/\/www.edilpemba.com\/en\/wp-json\/wp\/v2\/media?parent=4724"}],"curies":[{"name":"wp","href":"https:\/\/api.w.org\/{rel}","templated":true}]}}