{"id":3214,"date":"2021-11-24T07:39:27","date_gmt":"2021-11-24T07:39:27","guid":{"rendered":"https:\/\/www.edilpemba.com\/contact\/"},"modified":"2024-12-20T07:32:49","modified_gmt":"2024-12-20T07:32:49","slug":"contact","status":"publish","type":"page","link":"https:\/\/www.edilpemba.com\/en\/contact\/","title":{"rendered":"Contact"},"content":{"rendered":"<div data-elementor-type=\"wp-page\" data-elementor-id=\"3214\" class=\"elementor elementor-3214\">\n\t\t\t\t\t\t<section class=\"elementor-section elementor-top-section elementor-element elementor-element-8b89c3b elementor-section-height-min-height elementor-section-items-bottom elementor-section-boxed elementor-section-height-default wpr-particle-no wpr-jarallax-no wpr-parallax-no wpr-sticky-section-no\" data-id=\"8b89c3b\" data-element_type=\"section\" data-settings=\"{&quot;background_background&quot;:&quot;classic&quot;}\">\n\t\t\t\t\t\t\t<div class=\"elementor-background-overlay\"><\/div>\n\t\t\t\t\t\t\t<div class=\"elementor-container elementor-column-gap-no\">\n\t\t\t\t\t<div class=\"elementor-column elementor-col-100 elementor-top-column elementor-element elementor-element-33adfa8\" data-id=\"33adfa8\" data-element_type=\"column\">\n\t\t\t<div class=\"elementor-widget-wrap elementor-element-populated\">\n\t\t\t\t\t\t<div class=\"elementor-element elementor-element-27b8593 elementor-widget elementor-widget-heading\" data-id=\"27b8593\" data-element_type=\"widget\" data-widget_type=\"heading.default\">\n\t\t\t\t<div class=\"elementor-widget-container\">\n\t\t\t\t\t<h1 class=\"elementor-heading-title elementor-size-default\">Build the Path to Your Future<\/h1>\t\t\t\t<\/div>\n\t\t\t\t<\/div>\n\t\t\t\t<div class=\"elementor-element elementor-element-2aca961 elementor-widget elementor-widget-heading\" data-id=\"2aca961\" data-element_type=\"widget\" data-widget_type=\"heading.default\">\n\t\t\t\t<div class=\"elementor-widget-container\">\n\t\t\t\t\t<h4 class=\"elementor-heading-title elementor-size-default\">Get in touch and turn your ideas into reality with us.<\/h4>\t\t\t\t<\/div>\n\t\t\t\t<\/div>\n\t\t\t\t\t<\/div>\n\t\t<\/div>\n\t\t\t\t\t<\/div>\n\t\t<\/section>\n\t\t\t\t<section class=\"elementor-section elementor-top-section elementor-element elementor-element-3536f09 elementor-section-stretched elementor-section-boxed elementor-section-height-default elementor-section-height-default wpr-particle-no wpr-jarallax-no wpr-parallax-no wpr-sticky-section-no\" data-id=\"3536f09\" data-element_type=\"section\" data-settings=\"{&quot;stretch_section&quot;:&quot;section-stretched&quot;}\">\n\t\t\t\t\t\t<div class=\"elementor-container elementor-column-gap-no\">\n\t\t\t\t\t<div class=\"elementor-column elementor-col-50 elementor-top-column elementor-element elementor-element-143f88f\" data-id=\"143f88f\" data-element_type=\"column\" data-settings=\"{&quot;background_background&quot;:&quot;classic&quot;}\">\n\t\t\t<div class=\"elementor-widget-wrap elementor-element-populated\">\n\t\t\t\t\t\t<div class=\"elementor-element elementor-element-43f2242 elementor-widget elementor-widget-heading\" data-id=\"43f2242\" data-element_type=\"widget\" data-widget_type=\"heading.default\">\n\t\t\t\t<div class=\"elementor-widget-container\">\n\t\t\t\t\t<h2 class=\"elementor-heading-title elementor-size-default\">visit us<\/h2>\t\t\t\t<\/div>\n\t\t\t\t<\/div>\n\t\t\t\t<div class=\"elementor-element elementor-element-ddcf9a3 elementor-widget elementor-widget-text-editor\" data-id=\"ddcf9a3\" data-element_type=\"widget\" data-widget_type=\"text-editor.default\">\n\t\t\t\t<div class=\"elementor-widget-container\">\n\t\t\t\t\t\t\t\t\t<p>The main office is located next to the suggestive beach of Wimbe in Pemba, while the industrial\/construction facilities are located at the entrance of the City in an area of \u200b\u200bapproximately 50,000 m2.<\/p>\t\t\t\t\t\t\t\t<\/div>\n\t\t\t\t<\/div>\n\t\t\t\t<div class=\"elementor-element elementor-element-16796fe elementor-mobile-align-start elementor-align-start elementor-icon-list--layout-traditional elementor-list-item-link-full_width elementor-widget elementor-widget-icon-list\" data-id=\"16796fe\" data-element_type=\"widget\" data-widget_type=\"icon-list.default\">\n\t\t\t\t<div class=\"elementor-widget-container\">\n\t\t\t\t\t\t\t<ul class=\"elementor-icon-list-items\">\n\t\t\t\t\t\t\t<li class=\"elementor-icon-list-item\">\n\t\t\t\t\t\t\t\t\t\t\t<a href=\"https:\/\/goo.gl\/maps\/Pdjk5ireT5aZRYkm7\" target=\"_blank\">\n\n\t\t\t\t\t\t\t\t\t\t\t\t<span class=\"elementor-icon-list-icon\">\n\t\t\t\t\t\t\t<i aria-hidden=\"true\" class=\"fas fa-map-marker-alt\"><\/i>\t\t\t\t\t\t<\/span>\n\t\t\t\t\t\t\t\t\t\t<span class=\"elementor-icon-list-text\">Edil Pemba office<\/span>\n\t\t\t\t\t\t\t\t\t\t\t<\/a>\n\t\t\t\t\t\t\t\t\t<\/li>\n\t\t\t\t\t\t<\/ul>\n\t\t\t\t\t\t<\/div>\n\t\t\t\t<\/div>\n\t\t\t\t<div class=\"elementor-element elementor-element-9622367 elementor-mobile-align-start elementor-align-start elementor-icon-list--layout-traditional elementor-list-item-link-full_width elementor-widget elementor-widget-icon-list\" data-id=\"9622367\" data-element_type=\"widget\" data-widget_type=\"icon-list.default\">\n\t\t\t\t<div class=\"elementor-widget-container\">\n\t\t\t\t\t\t\t<ul class=\"elementor-icon-list-items\">\n\t\t\t\t\t\t\t<li class=\"elementor-icon-list-item\">\n\t\t\t\t\t\t\t\t\t\t\t<a href=\"https:\/\/goo.gl\/maps\/PiF16hs9v4fXVknw8\" target=\"_blank\">\n\n\t\t\t\t\t\t\t\t\t\t\t\t<span class=\"elementor-icon-list-icon\">\n\t\t\t\t\t\t\t<i aria-hidden=\"true\" class=\"fas fa-map-marker-alt\"><\/i>\t\t\t\t\t\t<\/span>\n\t\t\t\t\t\t\t\t\t\t<span class=\"elementor-icon-list-text\">Edil Pemba Shipyard<\/span>\n\t\t\t\t\t\t\t\t\t\t\t<\/a>\n\t\t\t\t\t\t\t\t\t<\/li>\n\t\t\t\t\t\t<\/ul>\n\t\t\t\t\t\t<\/div>\n\t\t\t\t<\/div>\n\t\t\t\t\t<\/div>\n\t\t<\/div>\n\t\t\t\t<div class=\"elementor-column elementor-col-50 elementor-top-column elementor-element elementor-element-b0aa090\" data-id=\"b0aa090\" data-element_type=\"column\">\n\t\t\t<div class=\"elementor-widget-wrap elementor-element-populated\">\n\t\t\t\t\t\t<div class=\"elementor-element elementor-element-310c00d elementor-widget elementor-widget-html\" data-id=\"310c00d\" data-element_type=\"widget\" data-widget_type=\"html.default\">\n\t\t\t\t<div class=\"elementor-widget-container\">\n\t\t\t\t\t<iframe src=\"https:\/\/www.google.com\/maps\/embed?pb=!1m22!1m8!1m3!1d486.01835964897356!2d40.49665795817898!3d-12.962451781458206!3m2!1i1024!2i768!4f13.1!4m11!3e6!4m3!3m2!1d-12.9692787!2d40.506822!4m5!1s0x18bfc8fd5959bbc1%3A0x571844cb3136ff25!2sAv.%20da%20Marginal%20Pemba!3m2!1d-12.969304399999999!2d40.505584899999995!5e0!3m2!1spt-PT!2smz!4v1679136689723!5m2!1spt-PT!2smz\" width=\"600\" height=\"450\" style=\"border:0;\" allowfullscreen=\"\" loading=\"lazy\" referrerpolicy=\"no-referrer-when-downgrade\"><\/iframe>\t\t\t\t<\/div>\n\t\t\t\t<\/div>\n\t\t\t\t\t<\/div>\n\t\t<\/div>\n\t\t\t\t\t<\/div>\n\t\t<\/section>\n\t\t\t\t<section class=\"elementor-section elementor-top-section elementor-element elementor-element-b8107f1 elementor-section-boxed elementor-section-height-default elementor-section-height-default wpr-particle-no wpr-jarallax-no wpr-parallax-no wpr-sticky-section-no\" data-id=\"b8107f1\" data-element_type=\"section\" data-settings=\"{&quot;background_background&quot;:&quot;classic&quot;}\">\n\t\t\t\t\t\t<div class=\"elementor-container elementor-column-gap-default\">\n\t\t\t\t\t<div class=\"elementor-column elementor-col-100 elementor-top-column elementor-element elementor-element-4cd1ab0\" data-id=\"4cd1ab0\" data-element_type=\"column\" data-settings=\"{&quot;background_background&quot;:&quot;classic&quot;}\">\n\t\t\t<div class=\"elementor-widget-wrap elementor-element-populated\">\n\t\t\t\t\t\t<section class=\"elementor-section elementor-inner-section elementor-element elementor-element-c7426e6 elementor-reverse-mobile elementor-section-boxed elementor-section-height-default elementor-section-height-default wpr-particle-no wpr-jarallax-no wpr-parallax-no wpr-sticky-section-no elementor-invisible\" data-id=\"c7426e6\" data-element_type=\"section\" data-settings=\"{&quot;animation&quot;:&quot;fadeIn&quot;}\">\n\t\t\t\t\t\t<div class=\"elementor-container elementor-column-gap-default\">\n\t\t\t\t\t<div class=\"elementor-column elementor-col-50 elementor-inner-column elementor-element elementor-element-c9b0a08\" data-id=\"c9b0a08\" data-element_type=\"column\">\n\t\t\t<div class=\"elementor-widget-wrap elementor-element-populated\">\n\t\t\t\t\t\t<div class=\"elementor-element elementor-element-d24617b elementor-widget elementor-widget-heading\" data-id=\"d24617b\" data-element_type=\"widget\" data-widget_type=\"heading.default\">\n\t\t\t\t<div class=\"elementor-widget-container\">\n\t\t\t\t\t<h2 class=\"elementor-heading-title elementor-size-default\">Let's talk?<\/h2>\t\t\t\t<\/div>\n\t\t\t\t<\/div>\n\t\t\t\t<div class=\"elementor-element elementor-element-a10a677 elementor-button-align-stretch elementor-widget elementor-widget-form\" data-id=\"a10a677\" data-element_type=\"widget\" data-settings=\"{&quot;step_next_label&quot;:&quot;Next&quot;,&quot;step_previous_label&quot;:&quot;Previous&quot;,&quot;button_width&quot;:&quot;100&quot;,&quot;step_type&quot;:&quot;number_text&quot;,&quot;step_icon_shape&quot;:&quot;circle&quot;}\" data-widget_type=\"form.default\">\n\t\t\t\t<div class=\"elementor-widget-container\">\n\t\t\t\t\t\t\t<form class=\"elementor-form\" method=\"post\" name=\"New Form\" action=\"\">\n\t\t\t<input type=\"hidden\" name=\"post_id\" value=\"3214\"\/>\n\t\t\t<input type=\"hidden\" name=\"form_id\" value=\"a10a677\"\/>\n\t\t\t<input type=\"hidden\" name=\"referer_title\" value=\"Edil Pemba Lda.\" \/>\n\n\t\t\t\n\t\t\t<div class=\"elementor-form-fields-wrapper elementor-labels-\">\n\t\t\t\t\t\t\t\t<div class=\"elementor-field-type-text elementor-field-group elementor-column elementor-field-group-Nome elementor-col-100\">\n\t\t\t\t\t\t\t\t\t\t\t\t<label for=\"form-field-Nome\" class=\"elementor-field-label elementor-screen-only\">\n\t\t\t\t\t\t\t\tName\t\t\t\t\t\t\t<\/label>\n\t\t\t\t\t\t\t\t\t\t\t\t\t\t<input size=\"1\" type=\"text\" name=\"form_fields[Nome]\" id=\"form-field-Nome\" class=\"elementor-field elementor-size-sm  elementor-field-textual\" placeholder=\"Name\">\n\t\t\t\t\t\t\t\t\t\t\t<\/div>\n\t\t\t\t\t\t\t\t<div class=\"elementor-field-type-tel elementor-field-group elementor-column elementor-field-group-Contacto_55ec80d elementor-col-100\">\n\t\t\t\t\t\t\t\t\t\t\t\t<label for=\"form-field-Contacto_55ec80d\" class=\"elementor-field-label elementor-screen-only\">\n\t\t\t\t\t\t\t\tContact us\t\t\t\t\t\t\t<\/label>\n\t\t\t\t\t\t\t\t<input size=\"1\" type=\"tel\" name=\"form_fields[Contacto_55ec80d]\" id=\"form-field-Contacto_55ec80d\" class=\"elementor-field elementor-size-sm  elementor-field-textual\" placeholder=\"+258 87 446 0333\" pattern=\"[0-9()#&amp;+*-=.]+\" title=\"Only numbers and phone characters (#, -, *, etc) are accepted.\">\n\n\t\t\t\t\t\t<\/div>\n\t\t\t\t\t\t\t\t<div class=\"elementor-field-type-email elementor-field-group elementor-column elementor-field-group-email elementor-col-100 elementor-field-required\">\n\t\t\t\t\t\t\t\t\t\t\t\t<label for=\"form-field-email\" class=\"elementor-field-label elementor-screen-only\">\n\t\t\t\t\t\t\t\tEmail\t\t\t\t\t\t\t<\/label>\n\t\t\t\t\t\t\t\t\t\t\t\t\t\t<input size=\"1\" type=\"email\" name=\"form_fields[email]\" id=\"form-field-email\" class=\"elementor-field elementor-size-sm  elementor-field-textual\" placeholder=\"Email\" required=\"required\" aria-required=\"true\">\n\t\t\t\t\t\t\t\t\t\t\t<\/div>\n\t\t\t\t\t\t\t\t<div class=\"elementor-field-type-textarea elementor-field-group elementor-column elementor-field-group-Mensagem elementor-col-100\">\n\t\t\t\t\t\t\t\t\t\t\t\t<label for=\"form-field-Mensagem\" class=\"elementor-field-label elementor-screen-only\">\n\t\t\t\t\t\t\t\tMessage\t\t\t\t\t\t\t<\/label>\n\t\t\t\t\t\t<textarea class=\"elementor-field-textual elementor-field  elementor-size-sm\" name=\"form_fields[Mensagem]\" id=\"form-field-Mensagem\" rows=\"8\" placeholder=\"Message\"><\/textarea>\t\t\t\t<\/div>\n\t\t\t\t\t\t\t\t<div class=\"elementor-field-group elementor-column elementor-field-type-submit elementor-col-100 e-form__buttons\">\n\t\t\t\t\t<button type=\"submit\" class=\"elementor-button elementor-size-sm\">\n\t\t\t\t\t\t<span >\n\t\t\t\t\t\t\t\t\t\t\t\t\t\t\t<span class=\"elementor-button-icon\">\n\t\t\t\t\t\t\t\t\t\t\t\t\t\t\t\t\t\t\t\t\t\t\t\t\t\t<\/span>\n\t\t\t\t\t\t\t\t\t\t\t\t\t\t\t\t\t\t\t\t\t\t<span class=\"elementor-button-text\">Send<\/span>\n\t\t\t\t\t\t\t\t\t\t\t\t\t<\/span>\n\t\t\t\t\t<\/button>\n\t\t\t\t<\/div>\n\t\t\t<\/div>\n\t\t<input type=\"hidden\" name=\"trp-form-language\" value=\"en\"\/><\/form>\n\t\t\t\t\t\t<\/div>\n\t\t\t\t<\/div>\n\t\t\t\t\t<\/div>\n\t\t<\/div>\n\t\t\t\t<div class=\"elementor-column elementor-col-50 elementor-inner-column elementor-element elementor-element-de6f569\" data-id=\"de6f569\" data-element_type=\"column\" data-settings=\"{&quot;background_background&quot;:&quot;classic&quot;}\">\n\t\t\t<div class=\"elementor-widget-wrap elementor-element-populated\">\n\t\t\t\t\t\t<div class=\"elementor-element elementor-element-3f14c55 elementor-widget elementor-widget-heading\" data-id=\"3f14c55\" data-element_type=\"widget\" data-widget_type=\"heading.default\">\n\t\t\t\t<div class=\"elementor-widget-container\">\n\t\t\t\t\t<h2 class=\"elementor-heading-title elementor-size-default\">Contact information<\/h2>\t\t\t\t<\/div>\n\t\t\t\t<\/div>\n\t\t\t\t<div class=\"elementor-element elementor-element-cabcfda elementor-mobile-align-start elementor-align-start elementor-icon-list--layout-traditional elementor-list-item-link-full_width elementor-widget elementor-widget-icon-list\" data-id=\"cabcfda\" data-element_type=\"widget\" data-widget_type=\"icon-list.default\">\n\t\t\t\t<div class=\"elementor-widget-container\">\n\t\t\t\t\t\t\t<ul class=\"elementor-icon-list-items\">\n\t\t\t\t\t\t\t<li class=\"elementor-icon-list-item\">\n\t\t\t\t\t\t\t\t\t\t\t<a href=\"tel:87%20446%200333\">\n\n\t\t\t\t\t\t\t\t\t\t\t\t<span class=\"elementor-icon-list-icon\">\n\t\t\t\t\t\t\t<i aria-hidden=\"true\" class=\"fas fa-phone-alt\"><\/i>\t\t\t\t\t\t<\/span>\n\t\t\t\t\t\t\t\t\t\t<span class=\"elementor-icon-list-text\"> +258 87 446 0333<\/span>\n\t\t\t\t\t\t\t\t\t\t\t<\/a>\n\t\t\t\t\t\t\t\t\t<\/li>\n\t\t\t\t\t\t\t\t<li class=\"elementor-icon-list-item\">\n\t\t\t\t\t\t\t\t\t\t\t<a href=\"mailto:info@edilpemba.com\">\n\n\t\t\t\t\t\t\t\t\t\t\t\t<span class=\"elementor-icon-list-icon\">\n\t\t\t\t\t\t\t<i aria-hidden=\"true\" class=\"fas fa-envelope\"><\/i>\t\t\t\t\t\t<\/span>\n\t\t\t\t\t\t\t\t\t\t<span class=\"elementor-icon-list-text\">info@edilpemba.com<\/span>\n\t\t\t\t\t\t\t\t\t\t\t<\/a>\n\t\t\t\t\t\t\t\t\t<\/li>\n\t\t\t\t\t\t\t\t<li class=\"elementor-icon-list-item\">\n\t\t\t\t\t\t\t\t\t\t\t<a href=\"mailto:secretaria@edilpemba.com\">\n\n\t\t\t\t\t\t\t\t\t\t\t\t<span class=\"elementor-icon-list-icon\">\n\t\t\t\t\t\t\t<i aria-hidden=\"true\" class=\"fas fa-envelope\"><\/i>\t\t\t\t\t\t<\/span>\n\t\t\t\t\t\t\t\t\t\t<span class=\"elementor-icon-list-text\">secretaria@edilpemba.com<\/span>\n\t\t\t\t\t\t\t\t\t\t\t<\/a>\n\t\t\t\t\t\t\t\t\t<\/li>\n\t\t\t\t\t\t<\/ul>\n\t\t\t\t\t\t<\/div>\n\t\t\t\t<\/div>\n\t\t\t\t\t<\/div>\n\t\t<\/div>\n\t\t\t\t\t<\/div>\n\t\t<\/section>\n\t\t\t\t\t<\/div>\n\t\t<\/div>\n\t\t\t\t\t<\/div>\n\t\t<\/section>\n\t\t\t\t<\/div>","protected":false},"excerpt":{"rendered":"<p>Construa o Caminho para o Seu futuro Entre em Contato e Transforme Suas Ideias em Realidade Connosco. Visite-nos A sede principal situa-se junto \u00e0 sugestiva praia de Wimbe em Pemba enquanto que as instala\u00e7\u00f5es industriais\/construtivas se situam \u00e0 entrada da Cidade numa \u00e1rea com cerca de 50.000 m2. Escrit\u00f3rio Edil Pemba Estaleiro Edil Pemba Vamos Conversar? Informa\u00e7\u00f5es de contato +258 87 446 0333 info@edilpemba.com secretaria@edilpemba.com<\/p>","protected":false},"author":1,"featured_media":5657,"parent":0,"menu_order":0,"comment_status":"closed","ping_status":"closed","template":"elementor_header_footer","meta":{"footnotes":""},"class_list":["post-3214","page","type-page","status-publish","has-post-thumbnail","hentry"],"yoast_head":"<!-- This site is optimized with the Yoast SEO plugin v26.6 - https:\/\/yoast.com\/wordpress\/plugins\/seo\/ -->\n<title>Conactos - Edil Pemba Lda.<\/title>\n<meta name=\"description\" content=\"A sede principal situa-se junto \u00e0 sugestiva praia de Wimbe em Pemba enquanto que as instala\u00e7\u00f5es industriais\/construtivas se situam \u00e0 entrada da Cidade numa \u00e1rea com cerca de 50.000 m2.\" \/>\n<meta name=\"robots\" content=\"index, follow, max-snippet:-1, max-image-preview:large, max-video-preview:-1\" \/>\n<link rel=\"canonical\" href=\"https:\/\/www.edilpemba.com\/en\/contact\/\" \/>\n<meta property=\"og:locale\" content=\"en_US\" \/>\n<meta property=\"og:type\" content=\"article\" \/>\n<meta property=\"og:title\" content=\"Conactos - Edil Pemba Lda.\" \/>\n<meta property=\"og:description\" content=\"A sede principal situa-se junto \u00e0 sugestiva praia de Wimbe em Pemba enquanto que as instala\u00e7\u00f5es industriais\/construtivas se situam \u00e0 entrada da Cidade numa \u00e1rea com cerca de 50.000 m2.\" \/>\n<meta property=\"og:url\" content=\"https:\/\/www.edilpemba.com\/en\/contact\/\" \/>\n<meta property=\"og:site_name\" content=\"Edil Pemba Lda.\" \/>\n<meta property=\"article:modified_time\" content=\"2024-12-20T07:32:49+00:00\" \/>\n<meta property=\"og:image\" content=\"https:\/\/www.edilpemba.com\/wp-content\/uploads\/2023\/03\/Bitmap-73.webp\" \/>\n\t<meta property=\"og:image:width\" content=\"588\" \/>\n\t<meta property=\"og:image:height\" content=\"510\" \/>\n\t<meta property=\"og:image:type\" content=\"image\/webp\" \/>\n<meta name=\"twitter:card\" content=\"summary_large_image\" \/>\n<meta name=\"twitter:label1\" content=\"Est. reading time\" \/>\n\t<meta name=\"twitter:data1\" content=\"1 minute\" \/>\n<script type=\"application\/ld+json\" class=\"yoast-schema-graph\">{\"@context\":\"https:\/\/schema.org\",\"@graph\":[{\"@type\":\"WebPage\",\"@id\":\"https:\/\/www.edilpemba.com\/contact\/\",\"url\":\"https:\/\/www.edilpemba.com\/contact\/\",\"name\":\"Conactos - Edil Pemba Lda.\",\"isPartOf\":{\"@id\":\"https:\/\/www.edilpemba.com\/#website\"},\"primaryImageOfPage\":{\"@id\":\"https:\/\/www.edilpemba.com\/contact\/#primaryimage\"},\"image\":{\"@id\":\"https:\/\/www.edilpemba.com\/contact\/#primaryimage\"},\"thumbnailUrl\":\"https:\/\/www.edilpemba.com\/wp-content\/uploads\/2023\/03\/Bitmap-73.webp\",\"datePublished\":\"2021-11-24T07:39:27+00:00\",\"dateModified\":\"2024-12-20T07:32:49+00:00\",\"description\":\"A sede principal situa-se junto \u00e0 sugestiva praia de Wimbe em Pemba enquanto que as instala\u00e7\u00f5es industriais\/construtivas se situam \u00e0 entrada da Cidade numa \u00e1rea com cerca de 50.000 m2.\",\"breadcrumb\":{\"@id\":\"https:\/\/www.edilpemba.com\/contact\/#breadcrumb\"},\"inLanguage\":\"en-US\",\"potentialAction\":[{\"@type\":\"ReadAction\",\"target\":[\"https:\/\/www.edilpemba.com\/contact\/\"]}]},{\"@type\":\"ImageObject\",\"inLanguage\":\"en-US\",\"@id\":\"https:\/\/www.edilpemba.com\/contact\/#primaryimage\",\"url\":\"https:\/\/www.edilpemba.com\/wp-content\/uploads\/2023\/03\/Bitmap-73.webp\",\"contentUrl\":\"https:\/\/www.edilpemba.com\/wp-content\/uploads\/2023\/03\/Bitmap-73.webp\",\"width\":588,\"height\":510},{\"@type\":\"BreadcrumbList\",\"@id\":\"https:\/\/www.edilpemba.com\/contact\/#breadcrumb\",\"itemListElement\":[{\"@type\":\"ListItem\",\"position\":1,\"name\":\"Home\",\"item\":\"https:\/\/www.edilpemba.com\/\"},{\"@type\":\"ListItem\",\"position\":2,\"name\":\"Contact\"}]},{\"@type\":\"WebSite\",\"@id\":\"https:\/\/www.edilpemba.com\/#website\",\"url\":\"https:\/\/www.edilpemba.com\/\",\"name\":\"Edil Pemba Lda.\",\"description\":\"Your Indiginous Construction\",\"publisher\":{\"@id\":\"https:\/\/www.edilpemba.com\/#organization\"},\"potentialAction\":[{\"@type\":\"SearchAction\",\"target\":{\"@type\":\"EntryPoint\",\"urlTemplate\":\"https:\/\/www.edilpemba.com\/?s={search_term_string}\"},\"query-input\":{\"@type\":\"PropertyValueSpecification\",\"valueRequired\":true,\"valueName\":\"search_term_string\"}}],\"inLanguage\":\"en-US\"},{\"@type\":\"Organization\",\"@id\":\"https:\/\/www.edilpemba.com\/#organization\",\"name\":\"Edil Pemba Lda.\",\"url\":\"https:\/\/www.edilpemba.com\/\",\"logo\":{\"@type\":\"ImageObject\",\"inLanguage\":\"en-US\",\"@id\":\"https:\/\/www.edilpemba.com\/#\/schema\/logo\/image\/\",\"url\":\"https:\/\/www.edilpemba.com\/wp-content\/uploads\/2023\/02\/Edil-logo-1-scaled.jpg\",\"contentUrl\":\"https:\/\/www.edilpemba.com\/wp-content\/uploads\/2023\/02\/Edil-logo-1-scaled.jpg\",\"width\":2560,\"height\":2560,\"caption\":\"Edil Pemba Lda.\"},\"image\":{\"@id\":\"https:\/\/www.edilpemba.com\/#\/schema\/logo\/image\/\"}}]}<\/script>\n<!-- \/ Yoast SEO plugin. -->","yoast_head_json":{"title":"Conactos - Edil Pemba Lda.","description":"The main office is located next to the suggestive beach of Wimbe in Pemba, while the industrial\/construction facilities are located at the entrance of the City in an area of \u200b\u200bapproximately 50,000 m2.","robots":{"index":"index","follow":"follow","max-snippet":"max-snippet:-1","max-image-preview":"max-image-preview:large","max-video-preview":"max-video-preview:-1"},"canonical":"https:\/\/www.edilpemba.com\/en\/contact\/","og_locale":"en_US","og_type":"article","og_title":"Conactos - Edil Pemba Lda.","og_description":"A sede principal situa-se junto \u00e0 sugestiva praia de Wimbe em Pemba enquanto que as instala\u00e7\u00f5es industriais\/construtivas se situam \u00e0 entrada da Cidade numa \u00e1rea com cerca de 50.000 m2.","og_url":"https:\/\/www.edilpemba.com\/en\/contact\/","og_site_name":"Edil Pemba Lda.","article_modified_time":"2024-12-20T07:32:49+00:00","og_image":[{"width":588,"height":510,"url":"https:\/\/www.edilpemba.com\/wp-content\/uploads\/2023\/03\/Bitmap-73.webp","type":"image\/webp"}],"twitter_card":"summary_large_image","twitter_misc":{"Est. reading time":"1 minute"},"schema":{"@context":"https:\/\/schema.org","@graph":[{"@type":"WebPage","@id":"https:\/\/www.edilpemba.com\/contact\/","url":"https:\/\/www.edilpemba.com\/contact\/","name":"Conactos - Edil Pemba Lda.","isPartOf":{"@id":"https:\/\/www.edilpemba.com\/#website"},"primaryImageOfPage":{"@id":"https:\/\/www.edilpemba.com\/contact\/#primaryimage"},"image":{"@id":"https:\/\/www.edilpemba.com\/contact\/#primaryimage"},"thumbnailUrl":"https:\/\/www.edilpemba.com\/wp-content\/uploads\/2023\/03\/Bitmap-73.webp","datePublished":"2021-11-24T07:39:27+00:00","dateModified":"2024-12-20T07:32:49+00:00","description":"The main office is located next to the suggestive beach of Wimbe in Pemba, while the industrial\/construction facilities are located at the entrance of the City in an area of \u200b\u200bapproximately 50,000 m2.","breadcrumb":{"@id":"https:\/\/www.edilpemba.com\/contact\/#breadcrumb"},"inLanguage":"en-US","potentialAction":[{"@type":"ReadAction","target":["https:\/\/www.edilpemba.com\/contact\/"]}]},{"@type":"ImageObject","inLanguage":"en-US","@id":"https:\/\/www.edilpemba.com\/contact\/#primaryimage","url":"https:\/\/www.edilpemba.com\/wp-content\/uploads\/2023\/03\/Bitmap-73.webp","contentUrl":"https:\/\/www.edilpemba.com\/wp-content\/uploads\/2023\/03\/Bitmap-73.webp","width":588,"height":510},{"@type":"BreadcrumbList","@id":"https:\/\/www.edilpemba.com\/contact\/#breadcrumb","itemListElement":[{"@type":"ListItem","position":1,"name":"Home","item":"https:\/\/www.edilpemba.com\/"},{"@type":"ListItem","position":2,"name":"Contact"}]},{"@type":"WebSite","@id":"https:\/\/www.edilpemba.com\/#website","url":"https:\/\/www.edilpemba.com\/","name":"Edil Pemba Lda.","description":"Your Indiginous Construction","publisher":{"@id":"https:\/\/www.edilpemba.com\/#organization"},"potentialAction":[{"@type":"SearchAction","target":{"@type":"EntryPoint","urlTemplate":"https:\/\/www.edilpemba.com\/?s={search_term_string}"},"query-input":{"@type":"PropertyValueSpecification","valueRequired":true,"valueName":"search_term_string"}}],"inLanguage":"en-US"},{"@type":"Organization","@id":"https:\/\/www.edilpemba.com\/#organization","name":"Edil Pemba Lda.","url":"https:\/\/www.edilpemba.com\/","logo":{"@type":"ImageObject","inLanguage":"en-US","@id":"https:\/\/www.edilpemba.com\/#\/schema\/logo\/image\/","url":"https:\/\/www.edilpemba.com\/wp-content\/uploads\/2023\/02\/Edil-logo-1-scaled.jpg","contentUrl":"https:\/\/www.edilpemba.com\/wp-content\/uploads\/2023\/02\/Edil-logo-1-scaled.jpg","width":2560,"height":2560,"caption":"Edil Pemba Lda."},"image":{"@id":"https:\/\/www.edilpemba.com\/#\/schema\/logo\/image\/"}}]}},"_links":{"self":[{"href":"https:\/\/www.edilpemba.com\/en\/wp-json\/wp\/v2\/pages\/3214","targetHints":{"allow":["GET"]}}],"collection":[{"href":"https:\/\/www.edilpemba.com\/en\/wp-json\/wp\/v2\/pages"}],"about":[{"href":"https:\/\/www.edilpemba.com\/en\/wp-json\/wp\/v2\/types\/page"}],"author":[{"embeddable":true,"href":"https:\/\/www.edilpemba.com\/en\/wp-json\/wp\/v2\/users\/1"}],"replies":[{"embeddable":true,"href":"https:\/\/www.edilpemba.com\/en\/wp-json\/wp\/v2\/comments?post=3214"}],"version-history":[{"count":0,"href":"https:\/\/www.edilpemba.com\/en\/wp-json\/wp\/v2\/pages\/3214\/revisions"}],"wp:featuredmedia":[{"embeddable":true,"href":"https:\/\/www.edilpemba.com\/en\/wp-json\/wp\/v2\/media\/5657"}],"wp:attachment":[{"href":"https:\/\/www.edilpemba.com\/en\/wp-json\/wp\/v2\/media?parent=3214"}],"curies":[{"name":"wp","href":"https:\/\/api.w.org\/{rel}","templated":true}]}}